{"id":94950,"date":"2026-05-13T07:18:34","date_gmt":"2026-05-13T06:18:34","guid":{"rendered":"https:\/\/hardwarexchange.shop\/produit\/abat-jour-en-osier-naturel-22-cm-de-diametre-et-33cm-de-hauteur-chaine-50-cm-sans-passe-cable-beige\/"},"modified":"2026-05-13T07:19:06","modified_gmt":"2026-05-13T06:19:06","slug":"abat-jour-en-osier-naturel-22-cm-de-diametre-et-33cm-de-hauteur-chaine-50-cm-sans-passe-cable-beige","status":"publish","type":"product","link":"https:\/\/hardwarexchange.shop\/it\/produit\/abat-jour-en-osier-naturel-22-cm-de-diametre-et-33cm-de-hauteur-chaine-50-cm-sans-passe-cable-beige\/","title":{"rendered":"Abat jour en osier naturel 22 cm de diam\u00e8tre et 33cm de hauteur- Cha\u00eene 50 cm- sans passe-c\u00e2ble &#8211; Beige"},"content":{"rendered":"\n<p>\u00c9cran de plafond, 22 cm de diam\u00e8tre. et 33cm de hauteur, Cha\u00eene 50 cm, coloris naturel, sans passe-c\u00e2ble<br>Le produit est fabriqu\u00e9 ou fini \u00e0 la main sur commande et a donc un aspect artisanal et irr\u00e9gulier, qui fait son charme.<br>Produit en Asie, fini en Espagne. <br>S\u00e9lectionn\u00e9 pour son charme traditionnel par HardwarExchange.<\/p>\n","protected":false},"excerpt":{"rendered":"<p>\u00c9cran de plafond, 22 cm de diam\u00e8tre. et 33cm de hauteur, Cha\u00eene 50 cm, coloris naturel, sans passe-c\u00e2bleLe produit est fabriqu\u00e9 ou fini \u00e0 la main sur commande et a donc un aspect artisanal et irr\u00e9gulier, qui fait son charme.Produit en Asie, fini en Espagne. S\u00e9lectionn\u00e9 pour son charme traditionnel par HardwarExchange.<\/p>\n","protected":false},"featured_media":94951,"template":"","meta":{"_acf_changed":false},"product_brand":[],"product_cat":[15],"product_tag":[],"class_list":{"0":"post-94950","1":"product","2":"type-product","3":"status-publish","4":"has-post-thumbnail","6":"product_cat-sans-categorie","7":"product_shipping_class-xsxxs","8":"pa_couleur-beige","9":"pa_materiau-osier","11":"first","12":"instock","13":"purchasable","14":"product-type-simple"},"acf":[],"_links":{"self":[{"href":"https:\/\/hardwarexchange.shop\/it\/wp-json\/wp\/v2\/product\/94950","targetHints":{"allow":["GET"]}}],"collection":[{"href":"https:\/\/hardwarexchange.shop\/it\/wp-json\/wp\/v2\/product"}],"about":[{"href":"https:\/\/hardwarexchange.shop\/it\/wp-json\/wp\/v2\/types\/product"}],"wp:featuredmedia":[{"embeddable":true,"href":"https:\/\/hardwarexchange.shop\/it\/wp-json\/wp\/v2\/media\/94951"}],"wp:attachment":[{"href":"https:\/\/hardwarexchange.shop\/it\/wp-json\/wp\/v2\/media?parent=94950"}],"wp:term":[{"taxonomy":"product_brand","embeddable":true,"href":"https:\/\/hardwarexchange.shop\/it\/wp-json\/wp\/v2\/product_brand?post=94950"},{"taxonomy":"product_cat","embeddable":true,"href":"https:\/\/hardwarexchange.shop\/it\/wp-json\/wp\/v2\/product_cat?post=94950"},{"taxonomy":"product_tag","embeddable":true,"href":"https:\/\/hardwarexchange.shop\/it\/wp-json\/wp\/v2\/product_tag?post=94950"}],"curies":[{"name":"wp","href":"https:\/\/api.w.org\/{rel}","templated":true}]}}