{"id":94969,"date":"2026-05-13T07:19:25","date_gmt":"2026-05-13T06:19:25","guid":{"rendered":"https:\/\/hardwarexchange.shop\/produit\/petit-panier-suspendu-en-tissu-gris-15-cm-de-diametre-x-15-cm-de-hauteur-gris-argent-melange-de-tissus\/"},"modified":"2026-05-13T07:19:26","modified_gmt":"2026-05-13T06:19:26","slug":"petit-panier-suspendu-en-tissu-gris-15-cm-de-diametre-x-15-cm-de-hauteur-gris-argent-melange-de-tissus","status":"publish","type":"product","link":"https:\/\/hardwarexchange.shop\/it\/produit\/petit-panier-suspendu-en-tissu-gris-15-cm-de-diametre-x-15-cm-de-hauteur-gris-argent-melange-de-tissus\/","title":{"rendered":"Petit panier suspendu en tissu gris, 15 cm de diam\u00e8tre x 15 cm de hauteur &#8211; Gris \/ argent, M\u00e9lange de tissus"},"content":{"rendered":"\n<p>Panier en tissu gris \u00e0 suspendre, diam\u00e8tre 15x hauteur 15cm<br>Le produit est fabriqu\u00e9 ou fini \u00e0 la main sur commande et a donc un aspect artisanal et irr\u00e9gulier, qui fait son charme.<br>Produit en Asie, fini en Espagne. <br>S\u00e9lectionn\u00e9 pour son charme traditionnel par HardwarExchange.<\/p>\n","protected":false},"excerpt":{"rendered":"<p>Panier en tissu gris \u00e0 suspendre, diam\u00e8tre 15x hauteur 15cmLe produit est fabriqu\u00e9 ou fini \u00e0 la main sur commande et a donc un aspect artisanal et irr\u00e9gulier, qui fait son charme.Produit en Asie, fini en Espagne. S\u00e9lectionn\u00e9 pour son charme traditionnel par HardwarExchange.<\/p>\n","protected":false},"featured_media":94970,"template":"","meta":{"_acf_changed":false},"product_brand":[],"product_cat":[15],"product_tag":[],"class_list":{"0":"post-94969","1":"product","2":"type-product","3":"status-publish","4":"has-post-thumbnail","6":"product_cat-sans-categorie","7":"product_shipping_class-xsxxs","8":"pa_couleur-gris-argent","9":"pa_materiau-melange-de-tissus","11":"first","12":"instock","13":"purchasable","14":"product-type-simple"},"acf":[],"_links":{"self":[{"href":"https:\/\/hardwarexchange.shop\/it\/wp-json\/wp\/v2\/product\/94969","targetHints":{"allow":["GET"]}}],"collection":[{"href":"https:\/\/hardwarexchange.shop\/it\/wp-json\/wp\/v2\/product"}],"about":[{"href":"https:\/\/hardwarexchange.shop\/it\/wp-json\/wp\/v2\/types\/product"}],"wp:featuredmedia":[{"embeddable":true,"href":"https:\/\/hardwarexchange.shop\/it\/wp-json\/wp\/v2\/media\/94970"}],"wp:attachment":[{"href":"https:\/\/hardwarexchange.shop\/it\/wp-json\/wp\/v2\/media?parent=94969"}],"wp:term":[{"taxonomy":"product_brand","embeddable":true,"href":"https:\/\/hardwarexchange.shop\/it\/wp-json\/wp\/v2\/product_brand?post=94969"},{"taxonomy":"product_cat","embeddable":true,"href":"https:\/\/hardwarexchange.shop\/it\/wp-json\/wp\/v2\/product_cat?post=94969"},{"taxonomy":"product_tag","embeddable":true,"href":"https:\/\/hardwarexchange.shop\/it\/wp-json\/wp\/v2\/product_tag?post=94969"}],"curies":[{"name":"wp","href":"https:\/\/api.w.org\/{rel}","templated":true}]}}