{"id":94979,"date":"2026-05-13T07:19:25","date_gmt":"2026-05-13T06:19:25","guid":{"rendered":"https:\/\/hardwarexchange.shop\/produit\/support-en-bois-peint-gris-pour-2-bocaux-215x12-x-h35-17cm-avec-bocaux-bouche-6-diam-x-base-8-diam-x-h16cm-gris-argent\/"},"modified":"2026-05-13T07:19:34","modified_gmt":"2026-05-13T06:19:34","slug":"support-en-bois-peint-gris-pour-2-bocaux-215x12-x-h35-17cm-avec-bocaux-bouche-6-diam-x-base-8-diam-x-h16cm-gris-argent","status":"publish","type":"product","link":"https:\/\/hardwarexchange.shop\/it\/produit\/support-en-bois-peint-gris-pour-2-bocaux-215x12-x-h35-17cm-avec-bocaux-bouche-6-diam-x-base-8-diam-x-h16cm-gris-argent\/","title":{"rendered":"Support en bois peint gris pour 2 bocaux 21,5&#215;12 x h3,5\/17cm avec bocaux bouche 6 diam x base 8 diam x h16cm &#8211; Gris \/ argent"},"content":{"rendered":"\n<p>Support en bois pour 2 bocaux, 21,5\u00d712 x h3,5\/17cm avec bocaux, Bocaux Bouche 6 diam x base 8 diam x h16cm<br>Le produit est fabriqu\u00e9 ou fini \u00e0 la main sur commande et a donc un aspect artisanal et irr\u00e9gulier, qui fait son charme.<br>Produit en Asie, fini en Espagne. <br>S\u00e9lectionn\u00e9 pour son charme traditionnel par HardwarExchange.<\/p>\n","protected":false},"excerpt":{"rendered":"<p>Support en bois pour 2 bocaux, 21,5\u00d712 x h3,5\/17cm avec bocaux, Bocaux Bouche 6 diam x base 8 diam x h16cmLe produit est fabriqu\u00e9 ou fini \u00e0 la main sur commande et a donc un aspect artisanal et irr\u00e9gulier, qui fait son charme.Produit en Asie, fini en Espagne. S\u00e9lectionn\u00e9 pour son charme traditionnel par HardwarExchange.<\/p>\n","protected":false},"featured_media":94980,"template":"","meta":{"_acf_changed":false},"product_brand":[],"product_cat":[15],"product_tag":[],"class_list":{"0":"post-94979","1":"product","2":"type-product","3":"status-publish","4":"has-post-thumbnail","6":"product_cat-sans-categorie","7":"product_shipping_class-xsxxs","8":"pa_couleur-gris-argent","9":"pa_materiau-bois","11":"first","12":"instock","13":"purchasable","14":"product-type-simple"},"acf":[],"_links":{"self":[{"href":"https:\/\/hardwarexchange.shop\/it\/wp-json\/wp\/v2\/product\/94979","targetHints":{"allow":["GET"]}}],"collection":[{"href":"https:\/\/hardwarexchange.shop\/it\/wp-json\/wp\/v2\/product"}],"about":[{"href":"https:\/\/hardwarexchange.shop\/it\/wp-json\/wp\/v2\/types\/product"}],"wp:featuredmedia":[{"embeddable":true,"href":"https:\/\/hardwarexchange.shop\/it\/wp-json\/wp\/v2\/media\/94980"}],"wp:attachment":[{"href":"https:\/\/hardwarexchange.shop\/it\/wp-json\/wp\/v2\/media?parent=94979"}],"wp:term":[{"taxonomy":"product_brand","embeddable":true,"href":"https:\/\/hardwarexchange.shop\/it\/wp-json\/wp\/v2\/product_brand?post=94979"},{"taxonomy":"product_cat","embeddable":true,"href":"https:\/\/hardwarexchange.shop\/it\/wp-json\/wp\/v2\/product_cat?post=94979"},{"taxonomy":"product_tag","embeddable":true,"href":"https:\/\/hardwarexchange.shop\/it\/wp-json\/wp\/v2\/product_tag?post=94979"}],"curies":[{"name":"wp","href":"https:\/\/api.w.org\/{rel}","templated":true}]}}