{"id":95000,"date":"2026-05-13T07:19:25","date_gmt":"2026-05-13T06:19:25","guid":{"rendered":"https:\/\/hardwarexchange.shop\/produit\/sac-en-polyester-405x125-x-h32cm-avec-set-de-jardinage-5-ustensiles-en-acier-entre-24-et-29-cm-de-long-manche-bois-et-gants-vert\/"},"modified":"2026-05-13T07:19:46","modified_gmt":"2026-05-13T06:19:46","slug":"sac-en-polyester-405x125-x-h32cm-avec-set-de-jardinage-5-ustensiles-en-acier-entre-24-et-29-cm-de-long-manche-bois-et-gants-vert","status":"publish","type":"product","link":"https:\/\/hardwarexchange.shop\/it\/produit\/sac-en-polyester-405x125-x-h32cm-avec-set-de-jardinage-5-ustensiles-en-acier-entre-24-et-29-cm-de-long-manche-bois-et-gants-vert\/","title":{"rendered":"Sac en polyester 40,5&#215;12,5 x h32cm avec set de jardinage 5 ustensiles en acier entre 24 et 29 cm de long manche bois et gants &#8211; Vert"},"content":{"rendered":"\n<p>Sac avec set de jardinage, 40,5\u00d712,5 x h32cm, comprend 5 ustensiles entre 24 et 29 cm de long, bois et acier et gants.<br>Le produit est fabriqu\u00e9 ou fini \u00e0 la main sur commande et a donc un aspect artisanal et irr\u00e9gulier, qui fait son charme.<br>Produit en Asie, fini en Espagne. <br>S\u00e9lectionn\u00e9 pour son charme traditionnel par HardwarExchange.<\/p>\n","protected":false},"excerpt":{"rendered":"<p>Sac avec set de jardinage, 40,5\u00d712,5 x h32cm, comprend 5 ustensiles entre 24 et 29 cm de long, bois et acier et gants.Le produit est fabriqu\u00e9 ou fini \u00e0 la main sur commande et a donc un aspect artisanal et irr\u00e9gulier, qui fait son charme.Produit en Asie, fini en Espagne. S\u00e9lectionn\u00e9 pour son charme traditionnel [&hellip;]<\/p>\n","protected":false},"featured_media":95001,"template":"","meta":{"_acf_changed":false},"product_brand":[],"product_cat":[15],"product_tag":[],"class_list":{"0":"post-95000","1":"product","2":"type-product","3":"status-publish","4":"has-post-thumbnail","6":"product_cat-sans-categorie","7":"product_shipping_class-xsxxs","8":"pa_couleur-vert","9":"pa_materiau-polyester","11":"first","12":"instock","13":"purchasable","14":"product-type-simple"},"acf":[],"_links":{"self":[{"href":"https:\/\/hardwarexchange.shop\/it\/wp-json\/wp\/v2\/product\/95000","targetHints":{"allow":["GET"]}}],"collection":[{"href":"https:\/\/hardwarexchange.shop\/it\/wp-json\/wp\/v2\/product"}],"about":[{"href":"https:\/\/hardwarexchange.shop\/it\/wp-json\/wp\/v2\/types\/product"}],"wp:featuredmedia":[{"embeddable":true,"href":"https:\/\/hardwarexchange.shop\/it\/wp-json\/wp\/v2\/media\/95001"}],"wp:attachment":[{"href":"https:\/\/hardwarexchange.shop\/it\/wp-json\/wp\/v2\/media?parent=95000"}],"wp:term":[{"taxonomy":"product_brand","embeddable":true,"href":"https:\/\/hardwarexchange.shop\/it\/wp-json\/wp\/v2\/product_brand?post=95000"},{"taxonomy":"product_cat","embeddable":true,"href":"https:\/\/hardwarexchange.shop\/it\/wp-json\/wp\/v2\/product_cat?post=95000"},{"taxonomy":"product_tag","embeddable":true,"href":"https:\/\/hardwarexchange.shop\/it\/wp-json\/wp\/v2\/product_tag?post=95000"}],"curies":[{"name":"wp","href":"https:\/\/api.w.org\/{rel}","templated":true}]}}