{"id":95020,"date":"2026-05-13T07:19:25","date_gmt":"2026-05-13T06:19:25","guid":{"rendered":"https:\/\/hardwarexchange.shop\/produit\/bougeoirs-en-bois-de-sapin-18x18-x-haut-335cm-43cm-avec-support-de-fer-forge-et-26x26-x-hauteur-49cm-58cm-avec-support-en-fer-forge-lot-de-2-gris-argent-bois-et-metal\/"},"modified":"2026-05-13T07:19:59","modified_gmt":"2026-05-13T06:19:59","slug":"bougeoirs-en-bois-de-sapin-18x18-x-haut-335cm-43cm-avec-support-de-fer-forge-et-26x26-x-hauteur-49cm-58cm-avec-support-en-fer-forge-lot-de-2-gris-argent-bois-et-metal","status":"publish","type":"product","link":"https:\/\/hardwarexchange.shop\/it\/produit\/bougeoirs-en-bois-de-sapin-18x18-x-haut-335cm-43cm-avec-support-de-fer-forge-et-26x26-x-hauteur-49cm-58cm-avec-support-en-fer-forge-lot-de-2-gris-argent-bois-et-metal\/","title":{"rendered":"Bougeoirs en bois de sapin 18&#215;18 x haut 33,5cm\/ 43cm avec support de fer forg\u00e9 et 26&#215;26 x hauteur 49cm\/58cm avec support en fer forg\u00e9 lot de 2 &#8211; Gris \/ argent, Bois et m\u00e9tal"},"content":{"rendered":"\n<p>Bougeoirs en bois de sapin, 2 pi\u00e8ces, 18\u00d718 x hauteur 33,5cm\/ 43cm avec support de fer forg\u00e9, et 26\u00d726 x hauteur 49cm\/58cm avec support en fer forg\u00e9.<br>Le produit est fabriqu\u00e9 ou fini \u00e0 la main sur commande et a donc un aspect artisanal et irr\u00e9gulier, qui fait son charme.<br>Produit en Asie, fini en Espagne. <br>S\u00e9lectionn\u00e9 pour son charme traditionnel par HardwarExchange.<\/p>\n","protected":false},"excerpt":{"rendered":"<p>Bougeoirs en bois de sapin, 2 pi\u00e8ces, 18\u00d718 x hauteur 33,5cm\/ 43cm avec support de fer forg\u00e9, et 26\u00d726 x hauteur 49cm\/58cm avec support en fer forg\u00e9.Le produit est fabriqu\u00e9 ou fini \u00e0 la main sur commande et a donc un aspect artisanal et irr\u00e9gulier, qui fait son charme.Produit en Asie, fini en Espagne. S\u00e9lectionn\u00e9 [&hellip;]<\/p>\n","protected":false},"featured_media":95021,"template":"","meta":{"_acf_changed":false},"product_brand":[],"product_cat":[15],"product_tag":[],"class_list":{"0":"post-95020","1":"product","2":"type-product","3":"status-publish","4":"has-post-thumbnail","6":"product_cat-sans-categorie","7":"product_shipping_class-xsxxs","8":"pa_couleur-gris-argent","9":"pa_materiau-bois-et-metal","11":"first","12":"instock","13":"purchasable","14":"product-type-simple"},"acf":[],"_links":{"self":[{"href":"https:\/\/hardwarexchange.shop\/it\/wp-json\/wp\/v2\/product\/95020","targetHints":{"allow":["GET"]}}],"collection":[{"href":"https:\/\/hardwarexchange.shop\/it\/wp-json\/wp\/v2\/product"}],"about":[{"href":"https:\/\/hardwarexchange.shop\/it\/wp-json\/wp\/v2\/types\/product"}],"wp:featuredmedia":[{"embeddable":true,"href":"https:\/\/hardwarexchange.shop\/it\/wp-json\/wp\/v2\/media\/95021"}],"wp:attachment":[{"href":"https:\/\/hardwarexchange.shop\/it\/wp-json\/wp\/v2\/media?parent=95020"}],"wp:term":[{"taxonomy":"product_brand","embeddable":true,"href":"https:\/\/hardwarexchange.shop\/it\/wp-json\/wp\/v2\/product_brand?post=95020"},{"taxonomy":"product_cat","embeddable":true,"href":"https:\/\/hardwarexchange.shop\/it\/wp-json\/wp\/v2\/product_cat?post=95020"},{"taxonomy":"product_tag","embeddable":true,"href":"https:\/\/hardwarexchange.shop\/it\/wp-json\/wp\/v2\/product_tag?post=95020"}],"curies":[{"name":"wp","href":"https:\/\/api.w.org\/{rel}","templated":true}]}}