{"id":95049,"date":"2026-05-13T07:20:05","date_gmt":"2026-05-13T06:20:05","guid":{"rendered":"https:\/\/hardwarexchange.shop\/produit\/bougeoir-cylindrique-vert-en-osier-31-diam-x-h48cm-pot-en-verre-8-diam-x-h8cm-beige\/"},"modified":"2026-05-13T07:20:20","modified_gmt":"2026-05-13T06:20:20","slug":"bougeoir-cylindrique-vert-en-osier-31-diam-x-h48cm-pot-en-verre-8-diam-x-h8cm-beige","status":"publish","type":"product","link":"https:\/\/hardwarexchange.shop\/it\/produit\/bougeoir-cylindrique-vert-en-osier-31-diam-x-h48cm-pot-en-verre-8-diam-x-h8cm-beige\/","title":{"rendered":"Bougeoir cylindrique vert en osier 31 diam. x h48cm Pot en verre 8 diam x h8cm &#8211; Beige"},"content":{"rendered":"\n<p>Bougeoir cylindre vert Meciano en osier, 31 diam. x h48cm, Pot en verre 8 diam x h8cm.<br>Le produit est fabriqu\u00e9 ou fini \u00e0 la main sur commande et a donc un aspect artisanal et irr\u00e9gulier, qui fait son charme.<br>Produit en Asie, fini en Espagne. <br>S\u00e9lectionn\u00e9 pour son charme traditionnel par HardwarExchange.<\/p>\n","protected":false},"excerpt":{"rendered":"<p>Bougeoir cylindre vert Meciano en osier, 31 diam. x h48cm, Pot en verre 8 diam x h8cm.Le produit est fabriqu\u00e9 ou fini \u00e0 la main sur commande et a donc un aspect artisanal et irr\u00e9gulier, qui fait son charme.Produit en Asie, fini en Espagne. S\u00e9lectionn\u00e9 pour son charme traditionnel par HardwarExchange.<\/p>\n","protected":false},"featured_media":95050,"template":"","meta":{"_acf_changed":false},"product_brand":[],"product_cat":[15],"product_tag":[],"class_list":{"0":"post-95049","1":"product","2":"type-product","3":"status-publish","4":"has-post-thumbnail","6":"product_cat-sans-categorie","7":"product_shipping_class-xsxxs","8":"pa_couleur-beige","9":"pa_materiau-osier","11":"first","12":"instock","13":"purchasable","14":"product-type-simple"},"acf":[],"_links":{"self":[{"href":"https:\/\/hardwarexchange.shop\/it\/wp-json\/wp\/v2\/product\/95049","targetHints":{"allow":["GET"]}}],"collection":[{"href":"https:\/\/hardwarexchange.shop\/it\/wp-json\/wp\/v2\/product"}],"about":[{"href":"https:\/\/hardwarexchange.shop\/it\/wp-json\/wp\/v2\/types\/product"}],"wp:featuredmedia":[{"embeddable":true,"href":"https:\/\/hardwarexchange.shop\/it\/wp-json\/wp\/v2\/media\/95050"}],"wp:attachment":[{"href":"https:\/\/hardwarexchange.shop\/it\/wp-json\/wp\/v2\/media?parent=95049"}],"wp:term":[{"taxonomy":"product_brand","embeddable":true,"href":"https:\/\/hardwarexchange.shop\/it\/wp-json\/wp\/v2\/product_brand?post=95049"},{"taxonomy":"product_cat","embeddable":true,"href":"https:\/\/hardwarexchange.shop\/it\/wp-json\/wp\/v2\/product_cat?post=95049"},{"taxonomy":"product_tag","embeddable":true,"href":"https:\/\/hardwarexchange.shop\/it\/wp-json\/wp\/v2\/product_tag?post=95049"}],"curies":[{"name":"wp","href":"https:\/\/api.w.org\/{rel}","templated":true}]}}