{"id":95278,"date":"2026-05-13T07:22:57","date_gmt":"2026-05-13T06:22:57","guid":{"rendered":"https:\/\/hardwarexchange.shop\/produit\/recharge-pour-carafe-filtrante-pfas-ou-nitrates-charbon-actif-lot-3-filtres-noir\/"},"modified":"2026-05-13T07:23:19","modified_gmt":"2026-05-13T06:23:19","slug":"recharge-pour-carafe-filtrante-pfas-ou-nitrates-charbon-actif-lot-3-filtres-noir","status":"publish","type":"product","link":"https:\/\/hardwarexchange.shop\/it\/produit\/recharge-pour-carafe-filtrante-pfas-ou-nitrates-charbon-actif-lot-3-filtres-noir\/","title":{"rendered":"Recharge pour carafe filtrante PFAS ou nitrates Charbon actif lot 3 filtres &#8211; Noir"},"content":{"rendered":"\n<p>Recharge pour carafe filtrante \u2013 Filtration PFAS ou nitrates \u2013 Charbon actif- lot de 3 filtres. Lot de 3 recharges de filtration au charbon naturel actif Fran\u00e7ais et resines, sp\u00e9cifiquement con\u00e7ues pour \u00e9liminer les nitrates et les polluants \u00e9ternels (PFAS) de votre eau du robinet. Elles sont con\u00e7ues pour \u00eatre utilis\u00e9es dans une carafe filtrante ref 8435704488045 ou 8435704488052 ou une cartouche filtrante r\u00e9utilisable. Une solution z\u00e9ro d\u00e9chet qui r\u00e9duit l\u2019usage de filtres jetables. Il suffit de verser la recharge dans votre cartouche ou carafe filtrante, puis de laisser agir selon les recommandations. 3 mois d\u2019efficacit\u00e9s,<\/p>\n","protected":false},"excerpt":{"rendered":"<p>Recharge pour carafe filtrante \u2013 Filtration PFAS ou nitrates \u2013 Charbon actif- lot de 3 filtres. Lot de 3 recharges de filtration au charbon naturel actif Fran\u00e7ais et resines, sp\u00e9cifiquement con\u00e7ues pour \u00e9liminer les nitrates et les polluants \u00e9ternels (PFAS) de votre eau du robinet. Elles sont con\u00e7ues pour \u00eatre utilis\u00e9es dans une carafe filtrante [&hellip;]<\/p>\n","protected":false},"featured_media":95279,"template":"","meta":{"_acf_changed":false},"product_brand":[],"product_cat":[15],"product_tag":[],"class_list":{"0":"post-95278","1":"product","2":"type-product","3":"status-publish","4":"has-post-thumbnail","6":"product_cat-sans-categorie","7":"product_shipping_class-xsxxs","8":"pa_couleur-noir","9":"pa_materiau-charbon-actif","11":"first","12":"instock","13":"purchasable","14":"product-type-simple"},"acf":[],"_links":{"self":[{"href":"https:\/\/hardwarexchange.shop\/it\/wp-json\/wp\/v2\/product\/95278","targetHints":{"allow":["GET"]}}],"collection":[{"href":"https:\/\/hardwarexchange.shop\/it\/wp-json\/wp\/v2\/product"}],"about":[{"href":"https:\/\/hardwarexchange.shop\/it\/wp-json\/wp\/v2\/types\/product"}],"wp:featuredmedia":[{"embeddable":true,"href":"https:\/\/hardwarexchange.shop\/it\/wp-json\/wp\/v2\/media\/95279"}],"wp:attachment":[{"href":"https:\/\/hardwarexchange.shop\/it\/wp-json\/wp\/v2\/media?parent=95278"}],"wp:term":[{"taxonomy":"product_brand","embeddable":true,"href":"https:\/\/hardwarexchange.shop\/it\/wp-json\/wp\/v2\/product_brand?post=95278"},{"taxonomy":"product_cat","embeddable":true,"href":"https:\/\/hardwarexchange.shop\/it\/wp-json\/wp\/v2\/product_cat?post=95278"},{"taxonomy":"product_tag","embeddable":true,"href":"https:\/\/hardwarexchange.shop\/it\/wp-json\/wp\/v2\/product_tag?post=95278"}],"curies":[{"name":"wp","href":"https:\/\/api.w.org\/{rel}","templated":true}]}}