{"id":990,"date":"2026-05-13T09:09:28","date_gmt":"2026-05-13T08:09:28","guid":{"rendered":"https:\/\/hardwarexchange.shop\/producto\/portemanteau-16\/"},"modified":"2026-05-13T13:38:12","modified_gmt":"2026-05-13T12:38:12","slug":"portemanteau-en-zamac-diametre-85mm-x-138-florence-antique-marron-zamak","status":"publish","type":"product","link":"https:\/\/hardwarexchange.shop\/it\/produit\/portemanteau-en-zamac-diametre-85mm-x-138-florence-antique-marron-zamak\/","title":{"rendered":"Portemanteau en zamac Diam\u00e8tre 85mm x 138 Florence antique &#8211; Marron, Zamak"},"content":{"rendered":"\n<p>Portemanteau en zamac  Diam\u00e8tre 85 x 138  mm finition Florence antique<br> Ce porte manteaux au design raffin\u00e9, est con\u00e7u pour donner une finition d\u00e9corative unique et personnalis\u00e9e, aux tablettes et \u00e9tag\u00e8res de votre maison <br> Un coordonn\u00e9 avec des Poign\u00e9e et Bouton de meuble est propos\u00e9, tout comme un large choix de finition, sublimera le charme de votre espace <br> La haute qualit\u00e9 du en zamac premi\u00e8re fusion, et la grande r\u00e9sistance de sa finition, ainsi que sa garantie de 5 ans, EXCLUSIVITE HARDWAREXCHANGE, le rend id\u00e9al dans tout espace d\u00e9cor\u00e9 <br> Tr\u00e8s facile \u00e0 nettoyer et \u00e0 entretenir, en frottant d\u00e9licatement avec un chiffon humide et du savon doux, et un rin\u00e7age \u00e0 l&#8217;eau claire <br> Vis de fixation non incluses <br>Les emballages sont certifi\u00e9s FSC, et la production en Italie est \u00e9co-labellis\u00e9e par Hardwarexchange et l\u2019 Ad\u00e8me en France.<\/p>\n","protected":false},"excerpt":{"rendered":"<p>Portemanteau en zamac Diam\u00e8tre 85 x 138 mm finition Florence antique Ce porte manteaux au design raffin\u00e9, est con\u00e7u pour donner une finition d\u00e9corative unique et personnalis\u00e9e, aux tablettes et \u00e9tag\u00e8res de votre maison Un coordonn\u00e9 avec des Poign\u00e9e et Bouton de meuble est propos\u00e9, tout comme un large choix de finition, sublimera le charme [&hellip;]<\/p>\n","protected":false},"featured_media":100529,"template":"","meta":{"_acf_changed":false},"product_brand":[],"product_cat":[2365,2330,378,2284],"product_tag":[],"class_list":{"0":"post-990","1":"product","2":"type-product","3":"status-publish","4":"has-post-thumbnail","6":"product_cat-porte-manteaux-mural","7":"product_cat-porte-manteau","8":"product_cat-quincaillerie","9":"product_cat-rangement","10":"product_shipping_class-xsxxs","11":"pa_couleur-marron","12":"pa_materiau-zamak","14":"first","15":"instock","16":"purchasable","17":"product-type-simple"},"acf":[],"_links":{"self":[{"href":"https:\/\/hardwarexchange.shop\/it\/wp-json\/wp\/v2\/product\/990","targetHints":{"allow":["GET"]}}],"collection":[{"href":"https:\/\/hardwarexchange.shop\/it\/wp-json\/wp\/v2\/product"}],"about":[{"href":"https:\/\/hardwarexchange.shop\/it\/wp-json\/wp\/v2\/types\/product"}],"wp:featuredmedia":[{"embeddable":true,"href":"https:\/\/hardwarexchange.shop\/it\/wp-json\/wp\/v2\/media\/100529"}],"wp:attachment":[{"href":"https:\/\/hardwarexchange.shop\/it\/wp-json\/wp\/v2\/media?parent=990"}],"wp:term":[{"taxonomy":"product_brand","embeddable":true,"href":"https:\/\/hardwarexchange.shop\/it\/wp-json\/wp\/v2\/product_brand?post=990"},{"taxonomy":"product_cat","embeddable":true,"href":"https:\/\/hardwarexchange.shop\/it\/wp-json\/wp\/v2\/product_cat?post=990"},{"taxonomy":"product_tag","embeddable":true,"href":"https:\/\/hardwarexchange.shop\/it\/wp-json\/wp\/v2\/product_tag?post=990"}],"curies":[{"name":"wp","href":"https:\/\/api.w.org\/{rel}","templated":true}]}}