{"id":102263,"date":"2026-05-13T09:37:36","date_gmt":"2026-05-13T08:37:36","guid":{"rendered":"https:\/\/hardwarexchange.shop\/produit\/jardiniere-en-bois-peint-en-blanc-48x10-x-h31cm-avec-4-pots-en-zinc-9x9cm\/"},"modified":"2026-05-13T13:40:46","modified_gmt":"2026-05-13T12:40:46","slug":"jardiniere-en-bois-peint-en-blanc-48x10-x-h31cm-avec-4-pots-en-zinc-9x9cm","status":"publish","type":"product","link":"https:\/\/hardwarexchange.shop\/pt-pt\/produit\/jardiniere-en-bois-peint-en-blanc-48x10-x-h31cm-avec-4-pots-en-zinc-9x9cm\/","title":{"rendered":"Jardini\u00e8re en bois peint en blanc 48&#215;10 x h31cm avec 4 pots en zinc 9x9cm."},"content":{"rendered":"\n<p>Jardini\u00e8re Maison en bois de sapin 48 x 10 x hauteur 31cm avec 4 pots en zinc, 9 x 9 cm.<br>Le produit est fabriqu\u00e9 ou fini \u00e0 la main sur commande et a donc un aspect artisanal et irr\u00e9gulier, qui fait son charme.<br>Produit en Asie, fini en Espagne. <br>S\u00e9lectionn\u00e9 pour son charme traditionnel par HardwarExchange.<\/p>\n","protected":false},"excerpt":{"rendered":"<p>Jardini\u00e8re Maison en bois de sapin 48 x 10 x hauteur 31cm avec 4 pots en zinc, 9 x 9 cm.Le produit est fabriqu\u00e9 ou fini \u00e0 la main sur commande et a donc un aspect artisanal et irr\u00e9gulier, qui fait son charme.Produit en Asie, fini en Espagne. S\u00e9lectionn\u00e9 pour son charme traditionnel par HardwarExchange.<\/p>\n","protected":false},"featured_media":102264,"template":"","meta":{"_acf_changed":false},"product_brand":[],"product_cat":[2272,2257,2341,2309],"product_tag":[],"class_list":{"0":"post-102263","1":"product","2":"type-product","3":"status-publish","4":"has-post-thumbnail","6":"product_cat-contenants-et-decoration","7":"product_cat-jardin-terrasse","8":"product_cat-jardiniere","9":"product_cat-jardiniere-pot-de-fleur","10":"pa_couleur-blanc","11":"pa_materiau-bois","13":"first","14":"outofstock","15":"product-type-simple"},"acf":[],"_links":{"self":[{"href":"https:\/\/hardwarexchange.shop\/pt-pt\/wp-json\/wp\/v2\/product\/102263","targetHints":{"allow":["GET"]}}],"collection":[{"href":"https:\/\/hardwarexchange.shop\/pt-pt\/wp-json\/wp\/v2\/product"}],"about":[{"href":"https:\/\/hardwarexchange.shop\/pt-pt\/wp-json\/wp\/v2\/types\/product"}],"wp:featuredmedia":[{"embeddable":true,"href":"https:\/\/hardwarexchange.shop\/pt-pt\/wp-json\/wp\/v2\/media\/102264"}],"wp:attachment":[{"href":"https:\/\/hardwarexchange.shop\/pt-pt\/wp-json\/wp\/v2\/media?parent=102263"}],"wp:term":[{"taxonomy":"product_brand","embeddable":true,"href":"https:\/\/hardwarexchange.shop\/pt-pt\/wp-json\/wp\/v2\/product_brand?post=102263"},{"taxonomy":"product_cat","embeddable":true,"href":"https:\/\/hardwarexchange.shop\/pt-pt\/wp-json\/wp\/v2\/product_cat?post=102263"},{"taxonomy":"product_tag","embeddable":true,"href":"https:\/\/hardwarexchange.shop\/pt-pt\/wp-json\/wp\/v2\/product_tag?post=102263"}],"curies":[{"name":"wp","href":"https:\/\/api.w.org\/{rel}","templated":true}]}}