{"id":106526,"date":"2026-05-13T11:07:48","date_gmt":"2026-05-13T10:07:48","guid":{"rendered":"https:\/\/hardwarexchange.shop\/produit\/poignee-de-meuble-profil-en-aluminium-entraxe-347x2188x49mm-chrome-mat-lot-de-25-gris-argent\/"},"modified":"2026-05-13T14:00:08","modified_gmt":"2026-05-13T13:00:08","slug":"poignee-de-meuble-profil-en-aluminium-entraxe-347x2188x49mm-chrome-mat-lot-de-25-gris-argent","status":"publish","type":"product","link":"https:\/\/hardwarexchange.shop\/pt-pt\/produit\/poignee-de-meuble-profil-en-aluminium-entraxe-347x2188x49mm-chrome-mat-lot-de-25-gris-argent\/","title":{"rendered":"Poign\u00e9e de meuble profil en aluminium Entraxe 347x2188x49mm Chrome Mat Lot de 25 &#8211; Gris \/ argent"},"content":{"rendered":"\n<p>Poign\u00e9e de meuble profil en aluminium Entraxe 347 2188x49mm  Id\u00e9ale pour moderniser un meuble Ligne \u00e9pur\u00e9e prise en main confortable et installation simple Finition Chrome Mat Lot de 25<\/p>\n","protected":false},"excerpt":{"rendered":"<p>Poign\u00e9e de meuble profil en aluminium Entraxe 347 2188x49mm Id\u00e9ale pour moderniser un meuble Ligne \u00e9pur\u00e9e prise en main confortable et installation simple Finition Chrome Mat Lot de 25<\/p>\n","protected":false},"featured_media":106451,"template":"","meta":{"_acf_changed":false},"product_brand":[],"product_cat":[2325,2360,2283,378],"product_tag":[],"class_list":{"0":"post-106526","1":"product","2":"type-product","3":"status-publish","4":"has-post-thumbnail","6":"product_cat-bouton-et-poignee-de-meuble","7":"product_cat-poignee","8":"product_cat-pour-le-meuble","9":"product_cat-quincaillerie","10":"product_shipping_class-free","11":"pa_couleur-gris-argent","12":"pa_materiau-aluminium","14":"first","15":"instock","16":"purchasable","17":"product-type-simple"},"acf":[],"_links":{"self":[{"href":"https:\/\/hardwarexchange.shop\/pt-pt\/wp-json\/wp\/v2\/product\/106526","targetHints":{"allow":["GET"]}}],"collection":[{"href":"https:\/\/hardwarexchange.shop\/pt-pt\/wp-json\/wp\/v2\/product"}],"about":[{"href":"https:\/\/hardwarexchange.shop\/pt-pt\/wp-json\/wp\/v2\/types\/product"}],"wp:featuredmedia":[{"embeddable":true,"href":"https:\/\/hardwarexchange.shop\/pt-pt\/wp-json\/wp\/v2\/media\/106451"}],"wp:attachment":[{"href":"https:\/\/hardwarexchange.shop\/pt-pt\/wp-json\/wp\/v2\/media?parent=106526"}],"wp:term":[{"taxonomy":"product_brand","embeddable":true,"href":"https:\/\/hardwarexchange.shop\/pt-pt\/wp-json\/wp\/v2\/product_brand?post=106526"},{"taxonomy":"product_cat","embeddable":true,"href":"https:\/\/hardwarexchange.shop\/pt-pt\/wp-json\/wp\/v2\/product_cat?post=106526"},{"taxonomy":"product_tag","embeddable":true,"href":"https:\/\/hardwarexchange.shop\/pt-pt\/wp-json\/wp\/v2\/product_tag?post=106526"}],"curies":[{"name":"wp","href":"https:\/\/api.w.org\/{rel}","templated":true}]}}