{"id":1124,"date":"2026-01-14T09:48:19","date_gmt":"2026-01-14T08:48:19","guid":{"rendered":"https:\/\/hardwarexchange.shop\/producto\/boutons-pour-meubles-272\/"},"modified":"2026-01-14T09:48:21","modified_gmt":"2026-01-14T08:48:21","slug":"boutons-pour-meubles-en-zamac-et-porcelaine-diametre-34-vernis-noir-mat","status":"publish","type":"product","link":"https:\/\/hardwarexchange.shop\/pt-pt\/produit\/boutons-pour-meubles-en-zamac-et-porcelaine-diametre-34-vernis-noir-mat\/","title":{"rendered":"Boutons pour meubles en zamac et  Porcelaine  Diam\u00e8tre 34  Vernis noir mat"},"content":{"rendered":"<p>Boutons pour meubles,  <br \/> Mati\u00e8re Alliage de zinc \/ Porcelaine,<br \/>Style Contemporain <br \/> Diam\u00e8tre 34, <br \/> Finition Vernis noir mat  <br \/> Produit con\u00e7u \u00e9cologiquement et de mani\u00e8re Eco-durable et certifi\u00e9,<br \/> Produit en Italie, <br \/>https:\/\/www,instagram,com\/p\/CcpiumHqzpP\/ <br \/>S\u00e9lectionn\u00e9 pour son excellence par HardwarExchange<br \/>nnnn&#038;nbsp<\/p>\n","protected":false},"excerpt":{"rendered":"<p>Boutons pour meubles en zamac et  Porcelaine  Diam\u00e8tre 34  Vernis noir mat<\/p>\n","protected":false},"featured_media":6990,"template":"","meta":{"_acf_changed":false},"product_brand":[],"product_cat":[1844],"product_tag":[],"class_list":{"0":"post-1124","1":"product","2":"type-product","3":"status-publish","4":"has-post-thumbnail","6":"product_cat-bouton-de-meuble-quincaillerie","7":"product_shipping_class-giusti","9":"first","10":"instock","11":"purchasable","12":"product-type-simple"},"acf":[],"_links":{"self":[{"href":"https:\/\/hardwarexchange.shop\/pt-pt\/wp-json\/wp\/v2\/product\/1124","targetHints":{"allow":["GET"]}}],"collection":[{"href":"https:\/\/hardwarexchange.shop\/pt-pt\/wp-json\/wp\/v2\/product"}],"about":[{"href":"https:\/\/hardwarexchange.shop\/pt-pt\/wp-json\/wp\/v2\/types\/product"}],"wp:featuredmedia":[{"embeddable":true,"href":"https:\/\/hardwarexchange.shop\/pt-pt\/wp-json\/wp\/v2\/media\/6990"}],"wp:attachment":[{"href":"https:\/\/hardwarexchange.shop\/pt-pt\/wp-json\/wp\/v2\/media?parent=1124"}],"wp:term":[{"taxonomy":"product_brand","embeddable":true,"href":"https:\/\/hardwarexchange.shop\/pt-pt\/wp-json\/wp\/v2\/product_brand?post=1124"},{"taxonomy":"product_cat","embeddable":true,"href":"https:\/\/hardwarexchange.shop\/pt-pt\/wp-json\/wp\/v2\/product_cat?post=1124"},{"taxonomy":"product_tag","embeddable":true,"href":"https:\/\/hardwarexchange.shop\/pt-pt\/wp-json\/wp\/v2\/product_tag?post=1124"}],"curies":[{"name":"wp","href":"https:\/\/api.w.org\/{rel}","templated":true}]}}