{"id":1326,"date":"2025-12-02T14:13:12","date_gmt":"2025-12-02T13:13:12","guid":{"rendered":"https:\/\/hardwarexchange.shop\/producto\/2-poignees-polo-sur-rosace-carree-a-clipser-rosace-trou-de-cle-i-pour-cylindre-finition-gris-anthracite-garantie-10-ans-pour-porte-dentree\/"},"modified":"2026-01-08T13:48:14","modified_gmt":"2026-01-08T12:48:14","slug":"2-poignees-rosace-carree-a-clipser-rosace-trou-de-cle-i-pour-cylindre-finition-gris-anthracite-garantie-5-ans-pour-porte-dentree-2","status":"publish","type":"product","link":"https:\/\/hardwarexchange.shop\/pt-pt\/produit\/2-poignees-rosace-carree-a-clipser-rosace-trou-de-cle-i-pour-cylindre-finition-gris-anthracite-garantie-5-ans-pour-porte-dentree-2\/","title":{"rendered":"2 poign\u00e9es rosace carr\u00e9e A CLIPSER, rosace trou de cl\u00e9 I pour cylindre, finition gris anthracite garantie 5 ans, pour porte d&#8217;entr\u00e9e,"},"content":{"rendered":"<p>2 Poign\u00e9e en zamac, plus simple \u00e0 poser gr\u00e2ce au clipsage sur rosace 019 50&#215;50 mm et au gabarit de pose, fixation par vis \u00e0 bois non visible, Carr\u00e9 7 mm, avec ressort de rappel de b\u00e9quille, rosace carr\u00e9e de 50&#215;50 trou de cl\u00e9 I pour cylindre, fixation par vis \u00e0 bois invisible, finition gris anthracite a toucher soyeux haute r\u00e9sistance anti trace de doigts, pour porte d&#8217;entr\u00e9e de 35-45mm, Fabriqu\u00e9 en Italie par Linea Cali, Garantie 5 ans,nnnn&#038;nbsp<\/p>\n","protected":false},"excerpt":{"rendered":"<p>2 poign\u00e9es rosace carr\u00e9e A CLIPSER, rosace trou de cl\u00e9 I pour cylindre, finition gris anthracite garantie 5 ans, pour porte d&#8217;entr\u00e9e,<\/p>\n","protected":false},"featured_media":7689,"template":"","meta":{"_acf_changed":false},"product_brand":[],"product_cat":[1711],"product_tag":[],"class_list":{"0":"post-1326","1":"product","2":"type-product","3":"status-publish","4":"has-post-thumbnail","6":"product_cat-poignee-de-porte-quincaillerie-2","7":"product_shipping_class-linea-cali","9":"first","10":"instock","11":"purchasable","12":"product-type-simple"},"acf":[],"_links":{"self":[{"href":"https:\/\/hardwarexchange.shop\/pt-pt\/wp-json\/wp\/v2\/product\/1326","targetHints":{"allow":["GET"]}}],"collection":[{"href":"https:\/\/hardwarexchange.shop\/pt-pt\/wp-json\/wp\/v2\/product"}],"about":[{"href":"https:\/\/hardwarexchange.shop\/pt-pt\/wp-json\/wp\/v2\/types\/product"}],"wp:featuredmedia":[{"embeddable":true,"href":"https:\/\/hardwarexchange.shop\/pt-pt\/wp-json\/wp\/v2\/media\/7689"}],"wp:attachment":[{"href":"https:\/\/hardwarexchange.shop\/pt-pt\/wp-json\/wp\/v2\/media?parent=1326"}],"wp:term":[{"taxonomy":"product_brand","embeddable":true,"href":"https:\/\/hardwarexchange.shop\/pt-pt\/wp-json\/wp\/v2\/product_brand?post=1326"},{"taxonomy":"product_cat","embeddable":true,"href":"https:\/\/hardwarexchange.shop\/pt-pt\/wp-json\/wp\/v2\/product_cat?post=1326"},{"taxonomy":"product_tag","embeddable":true,"href":"https:\/\/hardwarexchange.shop\/pt-pt\/wp-json\/wp\/v2\/product_tag?post=1326"}],"curies":[{"name":"wp","href":"https:\/\/api.w.org\/{rel}","templated":true}]}}