{"id":18,"date":"2026-05-13T11:49:19","date_gmt":"2026-05-13T10:49:19","guid":{"rendered":"https:\/\/hardwarexchange.shop\/producto\/barriere-parking-premium-1-pied-poteau\/"},"modified":"2026-05-13T11:49:26","modified_gmt":"2026-05-13T10:49:26","slug":"barriere-de-parking-premium-1-pied-en-forme-de-poteau-fermeture-par-cylindre-europeen-livree-avec-fixations-vis-et-chevilles-gris-argent-acier","status":"publish","type":"product","link":"https:\/\/hardwarexchange.shop\/pt-pt\/produit\/barriere-de-parking-premium-1-pied-en-forme-de-poteau-fermeture-par-cylindre-europeen-livree-avec-fixations-vis-et-chevilles-gris-argent-acier\/","title":{"rendered":"Barri\u00e8re de parking *premium*  1 pied, en forme de poteau, fermeture par cylindre europ\u00e9en, livr\u00e9e avec fixations vis et chevilles &#8211; Gris \/ argent, Acier"},"content":{"rendered":"\n<p>Barri\u00e8re de parking *premium*  professionnelle 1 pied, en forme de poteau de hauteur 900 mm, articul\u00e9 a 90 \u00b0, par une charni\u00e8re permettant un verrouillage vertical ou horizontal sur le sol, \u00e9quip\u00e9 d\u2019une poign\u00e9e en tissu pour un meilleur agr\u00e9ment lors du relevage de la barri\u00e8re. Qualit\u00e9 certifi\u00e9e TUV, r\u00e9sistant au passage d\u2019un pneu d\u2019un v\u00e9hicule de 5700 kg. Embase de fixation en acier prot\u00e9g\u00e9e par une calotte en nylon arm\u00e9e semi sph\u00e9rique de 204 mm, plus esth\u00e9tique et r\u00e9sistante. Verrouillage automatique ultra facile sans la clef dans le cylindre europ\u00e9en, (\u00e9vitant ainsi tout effort en position courb\u00e9e). Finition anti corrosion \u00e9lectrozingu\u00e9e. Tube diam\u00e8tre 60 mm. Fixations par vis tires fonds et chevilles fournies. Fabriqu\u00e9e en Italie.<\/p>\n","protected":false},"excerpt":{"rendered":"<p>Barri\u00e8re de parking *premium* professionnelle 1 pied, en forme de poteau de hauteur 900 mm, articul\u00e9 a 90 \u00b0, par une charni\u00e8re permettant un verrouillage vertical ou horizontal sur le sol, \u00e9quip\u00e9 d\u2019une poign\u00e9e en tissu pour un meilleur agr\u00e9ment lors du relevage de la barri\u00e8re. Qualit\u00e9 certifi\u00e9e TUV, r\u00e9sistant au passage d\u2019un pneu d\u2019un [&hellip;]<\/p>\n","protected":false},"featured_media":61630,"template":"","meta":{"_acf_changed":false},"product_brand":[],"product_cat":[15],"product_tag":[],"class_list":{"0":"post-18","1":"product","2":"type-product","3":"status-publish","4":"has-post-thumbnail","6":"product_cat-sans-categorie","7":"product_shipping_class-l","8":"pa_couleur-gris-argent","9":"pa_materiau-acier","11":"first","12":"instock","13":"purchasable","14":"product-type-simple"},"acf":[],"_links":{"self":[{"href":"https:\/\/hardwarexchange.shop\/pt-pt\/wp-json\/wp\/v2\/product\/18","targetHints":{"allow":["GET"]}}],"collection":[{"href":"https:\/\/hardwarexchange.shop\/pt-pt\/wp-json\/wp\/v2\/product"}],"about":[{"href":"https:\/\/hardwarexchange.shop\/pt-pt\/wp-json\/wp\/v2\/types\/product"}],"wp:featuredmedia":[{"embeddable":true,"href":"https:\/\/hardwarexchange.shop\/pt-pt\/wp-json\/wp\/v2\/media\/61630"}],"wp:attachment":[{"href":"https:\/\/hardwarexchange.shop\/pt-pt\/wp-json\/wp\/v2\/media?parent=18"}],"wp:term":[{"taxonomy":"product_brand","embeddable":true,"href":"https:\/\/hardwarexchange.shop\/pt-pt\/wp-json\/wp\/v2\/product_brand?post=18"},{"taxonomy":"product_cat","embeddable":true,"href":"https:\/\/hardwarexchange.shop\/pt-pt\/wp-json\/wp\/v2\/product_cat?post=18"},{"taxonomy":"product_tag","embeddable":true,"href":"https:\/\/hardwarexchange.shop\/pt-pt\/wp-json\/wp\/v2\/product_tag?post=18"}],"curies":[{"name":"wp","href":"https:\/\/api.w.org\/{rel}","templated":true}]}}