{"id":19,"date":"2026-05-13T11:49:52","date_gmt":"2026-05-13T10:49:52","guid":{"rendered":"https:\/\/hardwarexchange.shop\/producto\/poteau-de-parking-telescopique-a-enterrer\/"},"modified":"2026-05-13T11:49:53","modified_gmt":"2026-05-13T10:49:53","slug":"poteau-telescopique-a-enterrer-fermeture-par-cylindre-europeen-gris-argent-acier","status":"publish","type":"product","link":"https:\/\/hardwarexchange.shop\/pt-pt\/produit\/poteau-telescopique-a-enterrer-fermeture-par-cylindre-europeen-gris-argent-acier\/","title":{"rendered":"Poteau t\u00e9lescopique a enterrer, fermeture par cylindre europ\u00e9en. &#8211; Gris \/ argent, Acier"},"content":{"rendered":"\n<p>Poteau t\u00e9lescopique de d\u00e9fense r\u00e9tractable dans le sol. Hauteur sortie 600 mm L\u2019extraction du sol se fait manuellement, en tirant vers le haut, avec une poign\u00e9e d\u00e9di\u00e9e \u00e0 cet effet. La rentr\u00e9e dans le fourreau enterr\u00e9 dans le sol est automatique. Le verrouillage se fait avec un cylindre europ\u00e9en. R\u00e9alis\u00e9e, pour la partie mobile (tube rond) en acier inox brillant AISI 304, de diam\u00e8tre 104 mm, alors que le fourreau (de forme carr\u00e9e de 150 mm) enterr\u00e9 sur 822 mm, est en fer galvanis\u00e9 \u00e0 chaud. Tous les composants internes et externes sont r\u00e9alis\u00e9s en acier inox AISI 304 pour une r\u00e9sistance optimale aux conditions atmosph\u00e9riques. La partie de la borne au-dessus du sol est prot\u00e9g\u00e9e de l\u2019\u00e9crasement par une calotte en polyamide charg\u00e9e en fibre de verre, mat\u00e9riel tr\u00e8s r\u00e9sistant, au design innovant et aux formes arrondies.<\/p>\n","protected":false},"excerpt":{"rendered":"<p>Poteau t\u00e9lescopique de d\u00e9fense r\u00e9tractable dans le sol. Hauteur sortie 600 mm L\u2019extraction du sol se fait manuellement, en tirant vers le haut, avec une poign\u00e9e d\u00e9di\u00e9e \u00e0 cet effet. La rentr\u00e9e dans le fourreau enterr\u00e9 dans le sol est automatique. Le verrouillage se fait avec un cylindre europ\u00e9en. R\u00e9alis\u00e9e, pour la partie mobile (tube [&hellip;]<\/p>\n","protected":false},"featured_media":61569,"template":"","meta":{"_acf_changed":false},"product_brand":[],"product_cat":[15],"product_tag":[],"class_list":{"0":"post-19","1":"product","2":"type-product","3":"status-publish","4":"has-post-thumbnail","6":"product_cat-sans-categorie","7":"product_shipping_class-l","8":"pa_couleur-gris-argent","9":"pa_materiau-acier","11":"first","12":"instock","13":"purchasable","14":"product-type-simple"},"acf":[],"_links":{"self":[{"href":"https:\/\/hardwarexchange.shop\/pt-pt\/wp-json\/wp\/v2\/product\/19","targetHints":{"allow":["GET"]}}],"collection":[{"href":"https:\/\/hardwarexchange.shop\/pt-pt\/wp-json\/wp\/v2\/product"}],"about":[{"href":"https:\/\/hardwarexchange.shop\/pt-pt\/wp-json\/wp\/v2\/types\/product"}],"wp:featuredmedia":[{"embeddable":true,"href":"https:\/\/hardwarexchange.shop\/pt-pt\/wp-json\/wp\/v2\/media\/61569"}],"wp:attachment":[{"href":"https:\/\/hardwarexchange.shop\/pt-pt\/wp-json\/wp\/v2\/media?parent=19"}],"wp:term":[{"taxonomy":"product_brand","embeddable":true,"href":"https:\/\/hardwarexchange.shop\/pt-pt\/wp-json\/wp\/v2\/product_brand?post=19"},{"taxonomy":"product_cat","embeddable":true,"href":"https:\/\/hardwarexchange.shop\/pt-pt\/wp-json\/wp\/v2\/product_cat?post=19"},{"taxonomy":"product_tag","embeddable":true,"href":"https:\/\/hardwarexchange.shop\/pt-pt\/wp-json\/wp\/v2\/product_tag?post=19"}],"curies":[{"name":"wp","href":"https:\/\/api.w.org\/{rel}","templated":true}]}}