{"id":21,"date":"2026-05-13T11:49:36","date_gmt":"2026-05-13T10:49:36","guid":{"rendered":"https:\/\/hardwarexchange.shop\/producto\/barriere-de-parking-premium-1-pied-coeur-inv\/"},"modified":"2026-05-13T11:49:39","modified_gmt":"2026-05-13T10:49:39","slug":"barriere-de-parking-premium-1-pied-fermeture-par-cylindre-europeen-livree-avec-fixations-vis-et-chevilles-en-forme-de-coeur-inverse-gris-argent-acier","status":"publish","type":"product","link":"https:\/\/hardwarexchange.shop\/pt-pt\/produit\/barriere-de-parking-premium-1-pied-fermeture-par-cylindre-europeen-livree-avec-fixations-vis-et-chevilles-en-forme-de-coeur-inverse-gris-argent-acier\/","title":{"rendered":"Barri\u00e8re de parking *premium*  1 pied, fermeture par cylindre europ\u00e9en, livr\u00e9e avec fixations vis et chevilles, en forme de c\u0153ur invers\u00e9. &#8211; Gris \/ argent, Acier"},"content":{"rendered":"\n<p>Barri\u00e8re de parking *premium*  professionnelle 1 pied, en forme de poteau avec 2 bras en c\u0153ur invers\u00e9, de hauteur 500 mm, articul\u00e9 \u00e0 90 \u00b0, par une charni\u00e8re permettant un verrouillage vertical ou horizontal sur le sol, \u00e9quip\u00e9 d\u2019une poign\u00e9e en tissu pour un meilleur agr\u00e9ment lors du relevage de la barri\u00e8re. Qualit\u00e9 certifi\u00e9e TUV, r\u00e9sistant au passage d\u2019un pneu d\u2019un v\u00e9hicule de 5700 kg. Embase de fixation en acier prot\u00e9g\u00e9e par une calotte en nylon arm\u00e9e semi sph\u00e9rique de 204 mm, plus esth\u00e9tique et r\u00e9sistante. Verrouillage automatique ultra facile sans la clef dans le cylindre europ\u00e9en, (\u00e9vitant ainsi tout effort en position courb\u00e9e). Finition anti corrosion \u00e9lectrozingu\u00e9e. Tube diam\u00e8tre 60 mm Fixations par vis tires fonds et chevilles fournies. Fabriqu\u00e9e en Italie.<\/p>\n","protected":false},"excerpt":{"rendered":"<p>Barri\u00e8re de parking *premium* professionnelle 1 pied, en forme de poteau avec 2 bras en c\u0153ur invers\u00e9, de hauteur 500 mm, articul\u00e9 \u00e0 90 \u00b0, par une charni\u00e8re permettant un verrouillage vertical ou horizontal sur le sol, \u00e9quip\u00e9 d\u2019une poign\u00e9e en tissu pour un meilleur agr\u00e9ment lors du relevage de la barri\u00e8re. Qualit\u00e9 certifi\u00e9e TUV, [&hellip;]<\/p>\n","protected":false},"featured_media":61672,"template":"","meta":{"_acf_changed":false},"product_brand":[],"product_cat":[15],"product_tag":[],"class_list":{"0":"post-21","1":"product","2":"type-product","3":"status-publish","4":"has-post-thumbnail","6":"product_cat-sans-categorie","7":"product_shipping_class-l","8":"pa_couleur-gris-argent","9":"pa_materiau-acier","11":"first","12":"instock","13":"purchasable","14":"product-type-simple"},"acf":[],"_links":{"self":[{"href":"https:\/\/hardwarexchange.shop\/pt-pt\/wp-json\/wp\/v2\/product\/21","targetHints":{"allow":["GET"]}}],"collection":[{"href":"https:\/\/hardwarexchange.shop\/pt-pt\/wp-json\/wp\/v2\/product"}],"about":[{"href":"https:\/\/hardwarexchange.shop\/pt-pt\/wp-json\/wp\/v2\/types\/product"}],"wp:featuredmedia":[{"embeddable":true,"href":"https:\/\/hardwarexchange.shop\/pt-pt\/wp-json\/wp\/v2\/media\/61672"}],"wp:attachment":[{"href":"https:\/\/hardwarexchange.shop\/pt-pt\/wp-json\/wp\/v2\/media?parent=21"}],"wp:term":[{"taxonomy":"product_brand","embeddable":true,"href":"https:\/\/hardwarexchange.shop\/pt-pt\/wp-json\/wp\/v2\/product_brand?post=21"},{"taxonomy":"product_cat","embeddable":true,"href":"https:\/\/hardwarexchange.shop\/pt-pt\/wp-json\/wp\/v2\/product_cat?post=21"},{"taxonomy":"product_tag","embeddable":true,"href":"https:\/\/hardwarexchange.shop\/pt-pt\/wp-json\/wp\/v2\/product_tag?post=21"}],"curies":[{"name":"wp","href":"https:\/\/api.w.org\/{rel}","templated":true}]}}