{"id":47535,"date":"2026-05-13T11:04:08","date_gmt":"2026-05-13T10:04:08","guid":{"rendered":"https:\/\/hardwarexchange.shop\/produit\/poignee-pour-meubles-matiere-alliage-de-zinc-style-contemporain-entraxe-1188-finition-velo-en-laiton-galver-vis-de-fixation-incluses-25mm\/"},"modified":"2026-05-13T13:59:31","modified_gmt":"2026-05-13T12:59:31","slug":"poignee-pour-meubles-en-zamac-entraxe-1188mm-fintion-galver-gris-argent-zamak","status":"publish","type":"product","link":"https:\/\/hardwarexchange.shop\/pt-pt\/produit\/poignee-pour-meubles-en-zamac-entraxe-1188mm-fintion-galver-gris-argent-zamak\/","title":{"rendered":"Poign\u00e9e pour meubles en zamac Entraxe 1188mm Fintion Galver &#8211; Gris \/ argent, Zamak"},"content":{"rendered":"\n<p>Poign\u00e9e pour meuble en zamac Distance entre les axes 1188   mm, finition Galver <br> Cette poign\u00e9e au design raffin\u00e9 est con\u00e7ue pour donner une finition d\u00e9corative unique et personnalis\u00e9e aux tiroirs, portes d\u2019armoires ou placards de votre maison ainsi qu\u2019un large choix de finitions, qui rehausseront le charme de votre espace <br> La haute qualit\u00e9 de l\u2019en zamac premi\u00e8re fusion, et la grande r\u00e9sistance de sa finition, ainsi que ses 5 ans de garantie, EXCLUSIVE HARDWAREXCHANGE, le rendent id\u00e9al pour la cuisine et la salle de bain <br> Tr\u00e8s facile \u00e0 nettoyer et \u00e0 entretenir, frotter doucement avec un chiffon humide et du savon doux, puis rincer \u00e0 l\u2019eau propre <br> Les vis de fixation de 25 mm sont fournies <br> L\u2019emballage est certifi\u00e9 par FSC, et la production en Italie est labellis\u00e9e par Hardwarexchange et Ad\u00e8me en France.<\/p>\n","protected":false},"excerpt":{"rendered":"<p>Poign\u00e9e pour meuble en zamac Distance entre les axes 1188 mm, finition Galver Cette poign\u00e9e au design raffin\u00e9 est con\u00e7ue pour donner une finition d\u00e9corative unique et personnalis\u00e9e aux tiroirs, portes d\u2019armoires ou placards de votre maison ainsi qu\u2019un large choix de finitions, qui rehausseront le charme de votre espace La haute qualit\u00e9 de l\u2019en [&hellip;]<\/p>\n","protected":false},"featured_media":61964,"template":"","meta":{"_acf_changed":false},"product_brand":[],"product_cat":[2325,2360,2283,378],"product_tag":[],"class_list":{"0":"post-47535","1":"product","2":"type-product","3":"status-publish","4":"has-post-thumbnail","6":"product_cat-bouton-et-poignee-de-meuble","7":"product_cat-poignee","8":"product_cat-pour-le-meuble","9":"product_cat-quincaillerie","10":"product_shipping_class-xsxxs","11":"pa_couleur-gris-argent","12":"pa_materiau-zamak","14":"first","15":"instock","16":"purchasable","17":"product-type-simple"},"acf":[],"_links":{"self":[{"href":"https:\/\/hardwarexchange.shop\/pt-pt\/wp-json\/wp\/v2\/product\/47535","targetHints":{"allow":["GET"]}}],"collection":[{"href":"https:\/\/hardwarexchange.shop\/pt-pt\/wp-json\/wp\/v2\/product"}],"about":[{"href":"https:\/\/hardwarexchange.shop\/pt-pt\/wp-json\/wp\/v2\/types\/product"}],"wp:featuredmedia":[{"embeddable":true,"href":"https:\/\/hardwarexchange.shop\/pt-pt\/wp-json\/wp\/v2\/media\/61964"}],"wp:attachment":[{"href":"https:\/\/hardwarexchange.shop\/pt-pt\/wp-json\/wp\/v2\/media?parent=47535"}],"wp:term":[{"taxonomy":"product_brand","embeddable":true,"href":"https:\/\/hardwarexchange.shop\/pt-pt\/wp-json\/wp\/v2\/product_brand?post=47535"},{"taxonomy":"product_cat","embeddable":true,"href":"https:\/\/hardwarexchange.shop\/pt-pt\/wp-json\/wp\/v2\/product_cat?post=47535"},{"taxonomy":"product_tag","embeddable":true,"href":"https:\/\/hardwarexchange.shop\/pt-pt\/wp-json\/wp\/v2\/product_tag?post=47535"}],"curies":[{"name":"wp","href":"https:\/\/api.w.org\/{rel}","templated":true}]}}