{"id":62761,"date":"2026-05-13T11:35:57","date_gmt":"2026-05-13T10:35:57","guid":{"rendered":"https:\/\/hardwarexchange.shop\/produit\/poignee-de-meuble-en-zamac-finition-vernis-aluminium-e-96-mm-3\/"},"modified":"2026-05-13T14:06:14","modified_gmt":"2026-05-13T13:06:14","slug":"poignee-de-meuble-en-zamac-finition-vernis-aluminium-e-96-mm-gris-argent-zamak","status":"publish","type":"product","link":"https:\/\/hardwarexchange.shop\/pt-pt\/produit\/poignee-de-meuble-en-zamac-finition-vernis-aluminium-e-96-mm-gris-argent-zamak\/","title":{"rendered":"Poign\u00e9e de meuble en zamac finition vernis aluminium e 96 mm &#8211; Gris \/ argent, Zamak"},"content":{"rendered":"\n<p>Poign\u00e9e de meuble en zamac finition vernis aluminium entraxe 96 mm. Livr\u00e9 avec vis 25&#215;4 mm. Produit de qualit\u00e9, fabriqu\u00e9 en Italie.<\/p>\n","protected":false},"excerpt":{"rendered":"<p>Poign\u00e9e de meuble en zamac finition vernis aluminium entraxe 96 mm. Livr\u00e9 avec vis 25&#215;4 mm. Produit de qualit\u00e9, fabriqu\u00e9 en Italie.<\/p>\n","protected":false},"featured_media":61066,"template":"","meta":{"_acf_changed":false},"product_brand":[],"product_cat":[2325,2360,2283,378],"product_tag":[],"class_list":{"0":"post-62761","1":"product","2":"type-product","3":"status-publish","4":"has-post-thumbnail","6":"product_cat-bouton-et-poignee-de-meuble","7":"product_cat-poignee","8":"product_cat-pour-le-meuble","9":"product_cat-quincaillerie","10":"product_shipping_class-xsxxs","11":"pa_couleur-gris-argent","12":"pa_materiau-zamak","14":"first","15":"instock","16":"purchasable","17":"product-type-simple"},"acf":[],"_links":{"self":[{"href":"https:\/\/hardwarexchange.shop\/pt-pt\/wp-json\/wp\/v2\/product\/62761","targetHints":{"allow":["GET"]}}],"collection":[{"href":"https:\/\/hardwarexchange.shop\/pt-pt\/wp-json\/wp\/v2\/product"}],"about":[{"href":"https:\/\/hardwarexchange.shop\/pt-pt\/wp-json\/wp\/v2\/types\/product"}],"wp:featuredmedia":[{"embeddable":true,"href":"https:\/\/hardwarexchange.shop\/pt-pt\/wp-json\/wp\/v2\/media\/61066"}],"wp:attachment":[{"href":"https:\/\/hardwarexchange.shop\/pt-pt\/wp-json\/wp\/v2\/media?parent=62761"}],"wp:term":[{"taxonomy":"product_brand","embeddable":true,"href":"https:\/\/hardwarexchange.shop\/pt-pt\/wp-json\/wp\/v2\/product_brand?post=62761"},{"taxonomy":"product_cat","embeddable":true,"href":"https:\/\/hardwarexchange.shop\/pt-pt\/wp-json\/wp\/v2\/product_cat?post=62761"},{"taxonomy":"product_tag","embeddable":true,"href":"https:\/\/hardwarexchange.shop\/pt-pt\/wp-json\/wp\/v2\/product_tag?post=62761"}],"curies":[{"name":"wp","href":"https:\/\/api.w.org\/{rel}","templated":true}]}}