{"id":65214,"date":"2026-05-13T09:34:01","date_gmt":"2026-05-13T08:34:01","guid":{"rendered":"https:\/\/hardwarexchange.shop\/produit\/jardiniere-en-fil-de-fer-avec-un-pot-en-zinc-lot-de-2\/"},"modified":"2026-05-13T13:39:50","modified_gmt":"2026-05-13T12:39:50","slug":"jardiniere-en-fil-de-fer-avec-un-pot-en-zinc-gris-argent-bois","status":"publish","type":"product","link":"https:\/\/hardwarexchange.shop\/pt-pt\/produit\/jardiniere-en-fil-de-fer-avec-un-pot-en-zinc-gris-argent-bois\/","title":{"rendered":"Jardini\u00e8re en fil de fer, avec un pot en zinc &#8211; Gris \/ argent, Bois"},"content":{"rendered":"\n<p>Jardini\u00e8re en fil de fer, 14&#215;14 x hauteur 15,5cm, Pot en zinc Diam\u00e8tre 10,5 x hauteur 10cm<br>Le produit est fabriqu\u00e9 ou fini \u00e0 la main sur commande et a donc un aspect artisanal et irr\u00e9gulier, qui fait son charme.<br>Produit en Asie, fini en Espagne. <br>S\u00e9lectionn\u00e9 pour son charme traditionnel par HardwarExchange.<\/p>\n","protected":false},"excerpt":{"rendered":"<p>Jardini\u00e8re en fil de fer, 14&#215;14 x hauteur 15,5cm, Pot en zinc Diam\u00e8tre 10,5 x hauteur 10cmLe produit est fabriqu\u00e9 ou fini \u00e0 la main sur commande et a donc un aspect artisanal et irr\u00e9gulier, qui fait son charme.Produit en Asie, fini en Espagne. S\u00e9lectionn\u00e9 pour son charme traditionnel par HardwarExchange.<\/p>\n","protected":false},"featured_media":101864,"template":"","meta":{"_acf_changed":false},"product_brand":[],"product_cat":[2272,2257,2341,2309],"product_tag":[],"class_list":{"0":"post-65214","1":"product","2":"type-product","3":"status-publish","4":"has-post-thumbnail","6":"product_cat-contenants-et-decoration","7":"product_cat-jardin-terrasse","8":"product_cat-jardiniere","9":"product_cat-jardiniere-pot-de-fleur","10":"product_shipping_class-xsxxs","11":"pa_couleur-gris-argent","12":"pa_materiau-bois","14":"first","15":"instock","16":"purchasable","17":"product-type-simple"},"acf":[],"_links":{"self":[{"href":"https:\/\/hardwarexchange.shop\/pt-pt\/wp-json\/wp\/v2\/product\/65214","targetHints":{"allow":["GET"]}}],"collection":[{"href":"https:\/\/hardwarexchange.shop\/pt-pt\/wp-json\/wp\/v2\/product"}],"about":[{"href":"https:\/\/hardwarexchange.shop\/pt-pt\/wp-json\/wp\/v2\/types\/product"}],"wp:featuredmedia":[{"embeddable":true,"href":"https:\/\/hardwarexchange.shop\/pt-pt\/wp-json\/wp\/v2\/media\/101864"}],"wp:attachment":[{"href":"https:\/\/hardwarexchange.shop\/pt-pt\/wp-json\/wp\/v2\/media?parent=65214"}],"wp:term":[{"taxonomy":"product_brand","embeddable":true,"href":"https:\/\/hardwarexchange.shop\/pt-pt\/wp-json\/wp\/v2\/product_brand?post=65214"},{"taxonomy":"product_cat","embeddable":true,"href":"https:\/\/hardwarexchange.shop\/pt-pt\/wp-json\/wp\/v2\/product_cat?post=65214"},{"taxonomy":"product_tag","embeddable":true,"href":"https:\/\/hardwarexchange.shop\/pt-pt\/wp-json\/wp\/v2\/product_tag?post=65214"}],"curies":[{"name":"wp","href":"https:\/\/api.w.org\/{rel}","templated":true}]}}