{"id":66036,"date":"2026-05-13T07:22:29","date_gmt":"2026-05-13T06:22:29","guid":{"rendered":"https:\/\/hardwarexchange.shop\/produit\/pots-metal-lot-de-3-plateau-cactus-lot-de-2\/"},"modified":"2026-05-13T07:22:51","modified_gmt":"2026-05-13T06:22:51","slug":"pots-metal-lot-de-3-plateau-cactus-blanc","status":"publish","type":"product","link":"https:\/\/hardwarexchange.shop\/pt-pt\/produit\/pots-metal-lot-de-3-plateau-cactus-blanc\/","title":{"rendered":"Pots m\u00e9tal Lot de 3+ plateau cactus &#8211; Blanc"},"content":{"rendered":"\n<p>Lot de 3 pots m\u00e9tal + plateau th\u00e8me Cactus, plateau 28,5 x 8,5 x hauteur 2cm, Pots Diam\u00e8tre 10 x hauteur 10cm,<br>Le produit est fabriqu\u00e9 ou fini \u00e0 la main sur commande et a donc un aspect artisanal et irr\u00e9gulier, qui fait son charme.<br>Produit en Asie, fini en Espagne. <br>S\u00e9lectionn\u00e9 pour son charme traditionnel par HardwarExchange.<\/p>\n","protected":false},"excerpt":{"rendered":"<p>Lot de 3 pots m\u00e9tal + plateau th\u00e8me Cactus, plateau 28,5 x 8,5 x hauteur 2cm, Pots Diam\u00e8tre 10 x hauteur 10cm,Le produit est fabriqu\u00e9 ou fini \u00e0 la main sur commande et a donc un aspect artisanal et irr\u00e9gulier, qui fait son charme.Produit en Asie, fini en Espagne. S\u00e9lectionn\u00e9 pour son charme traditionnel par [&hellip;]<\/p>\n","protected":false},"featured_media":95248,"template":"","meta":{"_acf_changed":false},"product_brand":[],"product_cat":[15],"product_tag":[],"class_list":{"0":"post-66036","1":"product","2":"type-product","3":"status-publish","4":"has-post-thumbnail","6":"product_cat-sans-categorie","7":"product_shipping_class-xsxxs","8":"pa_couleur-blanc","9":"pa_materiau-metal","11":"first","12":"instock","13":"purchasable","14":"product-type-simple"},"acf":[],"_links":{"self":[{"href":"https:\/\/hardwarexchange.shop\/pt-pt\/wp-json\/wp\/v2\/product\/66036","targetHints":{"allow":["GET"]}}],"collection":[{"href":"https:\/\/hardwarexchange.shop\/pt-pt\/wp-json\/wp\/v2\/product"}],"about":[{"href":"https:\/\/hardwarexchange.shop\/pt-pt\/wp-json\/wp\/v2\/types\/product"}],"wp:featuredmedia":[{"embeddable":true,"href":"https:\/\/hardwarexchange.shop\/pt-pt\/wp-json\/wp\/v2\/media\/95248"}],"wp:attachment":[{"href":"https:\/\/hardwarexchange.shop\/pt-pt\/wp-json\/wp\/v2\/media?parent=66036"}],"wp:term":[{"taxonomy":"product_brand","embeddable":true,"href":"https:\/\/hardwarexchange.shop\/pt-pt\/wp-json\/wp\/v2\/product_brand?post=66036"},{"taxonomy":"product_cat","embeddable":true,"href":"https:\/\/hardwarexchange.shop\/pt-pt\/wp-json\/wp\/v2\/product_cat?post=66036"},{"taxonomy":"product_tag","embeddable":true,"href":"https:\/\/hardwarexchange.shop\/pt-pt\/wp-json\/wp\/v2\/product_tag?post=66036"}],"curies":[{"name":"wp","href":"https:\/\/api.w.org\/{rel}","templated":true}]}}