{"id":66317,"date":"2026-05-13T11:19:03","date_gmt":"2026-05-13T10:19:03","guid":{"rendered":"https:\/\/hardwarexchange.shop\/produit\/poignees-de-porte-interieure-couple-en-zamac-finition-fusil-satine-mat-2\/"},"modified":"2026-05-13T14:02:30","modified_gmt":"2026-05-13T13:02:30","slug":"poignee-de-porte-interieure-couple-en-zamac-finition-fusil-satine-mat-noir-zamak","status":"publish","type":"product","link":"https:\/\/hardwarexchange.shop\/pt-pt\/produit\/poignee-de-porte-interieure-couple-en-zamac-finition-fusil-satine-mat-noir-zamak\/","title":{"rendered":"Poign\u00e9e de porte int\u00e9rieure (couple) en zamac finition fusil satin\u00e9 mat &#8211; Noir, Zamak"},"content":{"rendered":"\n<p>Poign\u00e9e de porte int\u00e9rieure (couple) en zamac sur rosace \u00e9paisseur 6 mm a clipser affleurante carr\u00e9e 50X50X7 mm, plus design, avec ressort de rappel, avec rosace fonction clef L \u00e9paisseur 6 mm, base de fixation en plastique, finition canon de fusil satin\u00e9 mat. Livr\u00e9 avec sachet de 10 vis pour fixation de 2,5X20 mm et vis pointeaux. Produit de qualit\u00e9, fabriqu\u00e9 en Italie.<\/p>\n","protected":false},"excerpt":{"rendered":"<p>Poign\u00e9e de porte int\u00e9rieure (couple) en zamac sur rosace \u00e9paisseur 6 mm a clipser affleurante carr\u00e9e 50X50X7 mm, plus design, avec ressort de rappel, avec rosace fonction clef L \u00e9paisseur 6 mm, base de fixation en plastique, finition canon de fusil satin\u00e9 mat. Livr\u00e9 avec sachet de 10 vis pour fixation de 2,5X20 mm et [&hellip;]<\/p>\n","protected":false},"featured_media":61245,"template":"","meta":{"_acf_changed":false},"product_brand":[],"product_cat":[2323,2357,2281,378],"product_tag":[],"class_list":{"0":"post-66317","1":"product","2":"type-product","3":"status-publish","4":"has-post-thumbnail","6":"product_cat-poignee-de-porte","7":"product_cat-poignee-de-porte-sur-rosace","8":"product_cat-pour-la-porte","9":"product_cat-quincaillerie","10":"product_shipping_class-xsxxs","11":"pa_couleur-noir","12":"pa_materiau-zamak","14":"first","15":"instock","16":"purchasable","17":"product-type-simple"},"acf":[],"_links":{"self":[{"href":"https:\/\/hardwarexchange.shop\/pt-pt\/wp-json\/wp\/v2\/product\/66317","targetHints":{"allow":["GET"]}}],"collection":[{"href":"https:\/\/hardwarexchange.shop\/pt-pt\/wp-json\/wp\/v2\/product"}],"about":[{"href":"https:\/\/hardwarexchange.shop\/pt-pt\/wp-json\/wp\/v2\/types\/product"}],"wp:featuredmedia":[{"embeddable":true,"href":"https:\/\/hardwarexchange.shop\/pt-pt\/wp-json\/wp\/v2\/media\/61245"}],"wp:attachment":[{"href":"https:\/\/hardwarexchange.shop\/pt-pt\/wp-json\/wp\/v2\/media?parent=66317"}],"wp:term":[{"taxonomy":"product_brand","embeddable":true,"href":"https:\/\/hardwarexchange.shop\/pt-pt\/wp-json\/wp\/v2\/product_brand?post=66317"},{"taxonomy":"product_cat","embeddable":true,"href":"https:\/\/hardwarexchange.shop\/pt-pt\/wp-json\/wp\/v2\/product_cat?post=66317"},{"taxonomy":"product_tag","embeddable":true,"href":"https:\/\/hardwarexchange.shop\/pt-pt\/wp-json\/wp\/v2\/product_tag?post=66317"}],"curies":[{"name":"wp","href":"https:\/\/api.w.org\/{rel}","templated":true}]}}