{"id":66398,"date":"2026-05-13T09:39:28","date_gmt":"2026-05-13T08:39:28","guid":{"rendered":"https:\/\/hardwarexchange.shop\/produit\/poignee-de-tirage-carree-30x30-mm-entraxe350-mm-inox-304-satine-2\/"},"modified":"2026-05-13T13:41:04","modified_gmt":"2026-05-13T12:41:04","slug":"poignee-de-tirage-carree-30x30-mm-entraxe350-mm-inox-304-brosse-grain-240-gris-argent-acier-inoxydable","status":"publish","type":"product","link":"https:\/\/hardwarexchange.shop\/pt-pt\/produit\/poignee-de-tirage-carree-30x30-mm-entraxe350-mm-inox-304-brosse-grain-240-gris-argent-acier-inoxydable\/","title":{"rendered":"Poign\u00e9e de tirage Carr\u00e9e 30&#215;30 mm &#8211; Entraxe=350 mm &#8211; INOX 304 Bross\u00e9 grain 240 &#8211; Gris \/ argent, Acier inoxydable"},"content":{"rendered":"\n<p>Poign\u00e9e de tirage Professionnelle Carr\u00e9e 30&#215;30 mm &#8211; Entraxe 350 mm &#8211; Longueur 370 mm -Hauteur 75 mm &#8211; en INOX 304 ( A2) Finition Bross\u00e9e grain 240. <br>Livr\u00e9e avec 2 fixations simples, traversants la porte et tr\u00e8s facile \u00e0 installer, compos\u00e9es de 2 tiges filet\u00e9es en fer zingu\u00e9e de longueur 52 mm x diam\u00e8tre 8 mm, qui se visse sur une olive en Laiton, bloqu\u00e9e par une vis pointeau lat\u00e9rale dans le tube, M6 mm en inox, s&#8217;accouplant dans une bague en Inox, sertis dans le tube de la poign\u00e9e, et 2 \u00e9crous et 2 rondelles.<br>Produit en Italie. <br>S\u00e9lectionn\u00e9 pour son excellence par HardwarExchange<br><\/p>\n","protected":false},"excerpt":{"rendered":"<p>Poign\u00e9e de tirage Professionnelle Carr\u00e9e 30&#215;30 mm &#8211; Entraxe 350 mm &#8211; Longueur 370 mm -Hauteur 75 mm &#8211; en INOX 304 ( A2) Finition Bross\u00e9e grain 240. Livr\u00e9e avec 2 fixations simples, traversants la porte et tr\u00e8s facile \u00e0 installer, compos\u00e9es de 2 tiges filet\u00e9es en fer zingu\u00e9e de longueur 52 mm x diam\u00e8tre [&hellip;]<\/p>\n","protected":false},"featured_media":51903,"template":"","meta":{"_acf_changed":false},"product_brand":[],"product_cat":[2321,2281,378,2355],"product_tag":[],"class_list":{"0":"post-66398","1":"product","2":"type-product","3":"status-publish","4":"has-post-thumbnail","6":"product_cat-baton-de-tirage-heurtoir","7":"product_cat-pour-la-porte","8":"product_cat-quincaillerie","9":"product_cat-tirant-de-porte","10":"product_shipping_class-xsxxs","11":"pa_couleur-gris-argent","12":"pa_materiau-acier-inoxydable","14":"first","15":"instock","16":"purchasable","17":"product-type-simple"},"acf":[],"_links":{"self":[{"href":"https:\/\/hardwarexchange.shop\/pt-pt\/wp-json\/wp\/v2\/product\/66398","targetHints":{"allow":["GET"]}}],"collection":[{"href":"https:\/\/hardwarexchange.shop\/pt-pt\/wp-json\/wp\/v2\/product"}],"about":[{"href":"https:\/\/hardwarexchange.shop\/pt-pt\/wp-json\/wp\/v2\/types\/product"}],"wp:featuredmedia":[{"embeddable":true,"href":"https:\/\/hardwarexchange.shop\/pt-pt\/wp-json\/wp\/v2\/media\/51903"}],"wp:attachment":[{"href":"https:\/\/hardwarexchange.shop\/pt-pt\/wp-json\/wp\/v2\/media?parent=66398"}],"wp:term":[{"taxonomy":"product_brand","embeddable":true,"href":"https:\/\/hardwarexchange.shop\/pt-pt\/wp-json\/wp\/v2\/product_brand?post=66398"},{"taxonomy":"product_cat","embeddable":true,"href":"https:\/\/hardwarexchange.shop\/pt-pt\/wp-json\/wp\/v2\/product_cat?post=66398"},{"taxonomy":"product_tag","embeddable":true,"href":"https:\/\/hardwarexchange.shop\/pt-pt\/wp-json\/wp\/v2\/product_tag?post=66398"}],"curies":[{"name":"wp","href":"https:\/\/api.w.org\/{rel}","templated":true}]}}