{"id":8341,"date":"2026-05-13T09:44:37","date_gmt":"2026-05-13T08:44:37","guid":{"rendered":"https:\/\/hardwarexchange.shop\/producto\/bouton-50mm-abs-serigrafie-phare\/"},"modified":"2026-05-13T13:42:11","modified_gmt":"2026-05-13T12:42:11","slug":"bouton-de-meuble-abs-diametre-50-mm-serigrafie-phare-lot-de-36-pieces-bleu-2","status":"publish","type":"product","link":"https:\/\/hardwarexchange.shop\/pt-pt\/produit\/bouton-de-meuble-abs-diametre-50-mm-serigrafie-phare-lot-de-36-pieces-bleu-2\/","title":{"rendered":"Bouton de meuble abs diam\u00e8tre 50 mm s\u00e9rigrafi\u00e9 phare lot de 36 pi\u00e9ces &#8211; Bleu"},"content":{"rendered":"\n<p>Bouton de meuble abs diam\u00e8tre 50 mm s\u00e9rigrafi\u00e9 phare lot de 36 pi\u00e9ces<br>Ajoutez une touche d\u2019\u00e9l\u00e9gance \u00e0 vos meubles avec ce lot, d\u2019articles de qualit\u00e9s, produit en Espagne, aux meilleurs prix<br>Ces produits d\u2019ameublement allient charme et robustesse<br>Id\u00e9als pour relooker une commode, une armoire ou des placards de cuisine, ils s\u2019int\u00e8grent parfaitement dans une d\u00e9coration a votre gout<br>Faciles \u00e0 installer, ils sont livr\u00e9s avec vis de fixation.<\/p>\n","protected":false},"excerpt":{"rendered":"<p>Bouton de meuble abs diam\u00e8tre 50 mm s\u00e9rigrafi\u00e9 phare lot de 36 pi\u00e9cesAjoutez une touche d\u2019\u00e9l\u00e9gance \u00e0 vos meubles avec ce lot, d\u2019articles de qualit\u00e9s, produit en Espagne, aux meilleurs prixCes produits d\u2019ameublement allient charme et robustesseId\u00e9als pour relooker une commode, une armoire ou des placards de cuisine, ils s\u2019int\u00e8grent parfaitement dans une d\u00e9coration a [&hellip;]<\/p>\n","protected":false},"featured_media":56684,"template":"","meta":{"_acf_changed":false},"product_brand":[],"product_cat":[2359,2325,2283,378],"product_tag":[],"class_list":{"0":"post-8341","1":"product","2":"type-product","3":"status-publish","4":"has-post-thumbnail","6":"product_cat-bouton","7":"product_cat-bouton-et-poignee-de-meuble","8":"product_cat-pour-le-meuble","9":"product_cat-quincaillerie","10":"product_shipping_class-xsxxs","11":"pa_couleur-bleu","12":"pa_materiau-abs","14":"first","15":"instock","16":"purchasable","17":"product-type-simple"},"acf":[],"_links":{"self":[{"href":"https:\/\/hardwarexchange.shop\/pt-pt\/wp-json\/wp\/v2\/product\/8341","targetHints":{"allow":["GET"]}}],"collection":[{"href":"https:\/\/hardwarexchange.shop\/pt-pt\/wp-json\/wp\/v2\/product"}],"about":[{"href":"https:\/\/hardwarexchange.shop\/pt-pt\/wp-json\/wp\/v2\/types\/product"}],"wp:featuredmedia":[{"embeddable":true,"href":"https:\/\/hardwarexchange.shop\/pt-pt\/wp-json\/wp\/v2\/media\/56684"}],"wp:attachment":[{"href":"https:\/\/hardwarexchange.shop\/pt-pt\/wp-json\/wp\/v2\/media?parent=8341"}],"wp:term":[{"taxonomy":"product_brand","embeddable":true,"href":"https:\/\/hardwarexchange.shop\/pt-pt\/wp-json\/wp\/v2\/product_brand?post=8341"},{"taxonomy":"product_cat","embeddable":true,"href":"https:\/\/hardwarexchange.shop\/pt-pt\/wp-json\/wp\/v2\/product_cat?post=8341"},{"taxonomy":"product_tag","embeddable":true,"href":"https:\/\/hardwarexchange.shop\/pt-pt\/wp-json\/wp\/v2\/product_tag?post=8341"}],"curies":[{"name":"wp","href":"https:\/\/api.w.org\/{rel}","templated":true}]}}