{"id":87353,"date":"2026-05-13T10:15:59","date_gmt":"2026-05-13T09:15:59","guid":{"rendered":"https:\/\/hardwarexchange.shop\/produit\/poignee-pour-meubles-en-zamac-entraxe-80-nichel-satine-lot-de-25\/"},"modified":"2026-05-13T13:49:37","modified_gmt":"2026-05-13T12:49:37","slug":"portemanteau-en-zamac-diametre-80mm-x-115-florence-antique-lot-de-25-marron-zamak","status":"publish","type":"product","link":"https:\/\/hardwarexchange.shop\/pt-pt\/produit\/portemanteau-en-zamac-diametre-80mm-x-115-florence-antique-lot-de-25-marron-zamak\/","title":{"rendered":"Portemanteau en zamac Diam\u00e8tre 80mm x 115 Florence antique Lot de 25 &#8211; Marron, Zamak"},"content":{"rendered":"\n<p>Portemanteau en zamac  Diam\u00e8tre 80 x 115  mm finition Florence antique<br> Ce porte manteaux au design raffin\u00e9, est con\u00e7u pour donner une finition d\u00e9corative unique et personnalis\u00e9e, aux tablettes et \u00e9tag\u00e8res de votre maison <br> Un coordonn\u00e9 avec des Poign\u00e9e et Bouton de meuble est propos\u00e9, tout comme un large choix de finition, sublimera le charme de votre espace <br> La haute qualit\u00e9 du zamac premi\u00e8re fusion, et la grande r\u00e9sistance de sa finition, ainsi que sa garantie de 5 ans, EXCLUSIVITE HARDWAREXCHANGE, le rend id\u00e9al dans tout espace d\u00e9cor\u00e9 <br> Tr\u00e8s facile \u00e0 nettoyer et \u00e0 entretenir, en frottant d\u00e9licatement avec un chiffon humide et du savon doux, et un rin\u00e7age \u00e0 l&#8217;eau claire <br> Vis de fixation non incluses <br> , et la production en Italie est \u00e9co-labellis\u00e9e par Hardwarexchange et l\u2019 Ad\u00e8me en France. Lot de 25<\/p>\n","protected":false},"excerpt":{"rendered":"<p>Portemanteau en zamac Diam\u00e8tre 80 x 115 mm finition Florence antique Ce porte manteaux au design raffin\u00e9, est con\u00e7u pour donner une finition d\u00e9corative unique et personnalis\u00e9e, aux tablettes et \u00e9tag\u00e8res de votre maison Un coordonn\u00e9 avec des Poign\u00e9e et Bouton de meuble est propos\u00e9, tout comme un large choix de finition, sublimera le charme [&hellip;]<\/p>\n","protected":false},"featured_media":97467,"template":"","meta":{"_acf_changed":false},"product_brand":[],"product_cat":[2365,2330,378,2284],"product_tag":[],"class_list":{"0":"post-87353","1":"product","2":"type-product","3":"status-publish","4":"has-post-thumbnail","6":"product_cat-porte-manteaux-mural","7":"product_cat-porte-manteau","8":"product_cat-quincaillerie","9":"product_cat-rangement","10":"product_shipping_class-free","11":"pa_couleur-marron","12":"pa_materiau-zamak","14":"first","15":"instock","16":"purchasable","17":"product-type-simple"},"acf":[],"_links":{"self":[{"href":"https:\/\/hardwarexchange.shop\/pt-pt\/wp-json\/wp\/v2\/product\/87353","targetHints":{"allow":["GET"]}}],"collection":[{"href":"https:\/\/hardwarexchange.shop\/pt-pt\/wp-json\/wp\/v2\/product"}],"about":[{"href":"https:\/\/hardwarexchange.shop\/pt-pt\/wp-json\/wp\/v2\/types\/product"}],"wp:featuredmedia":[{"embeddable":true,"href":"https:\/\/hardwarexchange.shop\/pt-pt\/wp-json\/wp\/v2\/media\/97467"}],"wp:attachment":[{"href":"https:\/\/hardwarexchange.shop\/pt-pt\/wp-json\/wp\/v2\/media?parent=87353"}],"wp:term":[{"taxonomy":"product_brand","embeddable":true,"href":"https:\/\/hardwarexchange.shop\/pt-pt\/wp-json\/wp\/v2\/product_brand?post=87353"},{"taxonomy":"product_cat","embeddable":true,"href":"https:\/\/hardwarexchange.shop\/pt-pt\/wp-json\/wp\/v2\/product_cat?post=87353"},{"taxonomy":"product_tag","embeddable":true,"href":"https:\/\/hardwarexchange.shop\/pt-pt\/wp-json\/wp\/v2\/product_tag?post=87353"}],"curies":[{"name":"wp","href":"https:\/\/api.w.org\/{rel}","templated":true}]}}