{"id":89425,"date":"2026-05-13T07:26:02","date_gmt":"2026-05-13T06:26:02","guid":{"rendered":"https:\/\/hardwarexchange.shop\/produit\/cale-en-acier-pour-crochet-standard-16-mm-fer-or\/"},"modified":"2026-05-13T07:27:36","modified_gmt":"2026-05-13T06:27:36","slug":"cale-en-acier-pour-crochet-standard-16-mm-fer-or-jaune-dore-acier-inoxydable","status":"publish","type":"product","link":"https:\/\/hardwarexchange.shop\/pt-pt\/produit\/cale-en-acier-pour-crochet-standard-16-mm-fer-or-jaune-dore-acier-inoxydable\/","title":{"rendered":"Cale en acier pour crochet standard, 16 mm Fer Or &#8211; Jaune \/ dor\u00e9, Acier inoxydable"},"content":{"rendered":"\n<p>Cale en acier pour crochet standard, pour frein de r\u00e9tention tous mod\u00e8les, pour r\u00e9hausse du cadre de 16 mm, finition or.<\/p>\n","protected":false},"excerpt":{"rendered":"<p>Cale en acier pour crochet standard, pour frein de r\u00e9tention tous mod\u00e8les, pour r\u00e9hausse du cadre de 16 mm, finition or.<\/p>\n","protected":false},"featured_media":95455,"template":"","meta":{"_acf_changed":false},"product_brand":[],"product_cat":[15],"product_tag":[],"class_list":{"0":"post-89425","1":"product","2":"type-product","3":"status-publish","4":"has-post-thumbnail","6":"product_cat-sans-categorie","7":"product_shipping_class-xsxxs","8":"pa_couleur-jaune-dore","9":"pa_materiau-acier-inoxydable","11":"first","12":"instock","13":"purchasable","14":"product-type-simple"},"acf":[],"_links":{"self":[{"href":"https:\/\/hardwarexchange.shop\/pt-pt\/wp-json\/wp\/v2\/product\/89425","targetHints":{"allow":["GET"]}}],"collection":[{"href":"https:\/\/hardwarexchange.shop\/pt-pt\/wp-json\/wp\/v2\/product"}],"about":[{"href":"https:\/\/hardwarexchange.shop\/pt-pt\/wp-json\/wp\/v2\/types\/product"}],"wp:featuredmedia":[{"embeddable":true,"href":"https:\/\/hardwarexchange.shop\/pt-pt\/wp-json\/wp\/v2\/media\/95455"}],"wp:attachment":[{"href":"https:\/\/hardwarexchange.shop\/pt-pt\/wp-json\/wp\/v2\/media?parent=89425"}],"wp:term":[{"taxonomy":"product_brand","embeddable":true,"href":"https:\/\/hardwarexchange.shop\/pt-pt\/wp-json\/wp\/v2\/product_brand?post=89425"},{"taxonomy":"product_cat","embeddable":true,"href":"https:\/\/hardwarexchange.shop\/pt-pt\/wp-json\/wp\/v2\/product_cat?post=89425"},{"taxonomy":"product_tag","embeddable":true,"href":"https:\/\/hardwarexchange.shop\/pt-pt\/wp-json\/wp\/v2\/product_tag?post=89425"}],"curies":[{"name":"wp","href":"https:\/\/api.w.org\/{rel}","templated":true}]}}