{"id":89443,"date":"2026-05-13T11:41:01","date_gmt":"2026-05-13T10:41:01","guid":{"rendered":"https:\/\/hardwarexchange.shop\/produit\/charniere-simple-action-a-ressort-150x40-mm-en-aluminium-anodisee-or-posee-totalement-en-applique-a-lame-centree\/"},"modified":"2026-05-13T14:07:08","modified_gmt":"2026-05-13T13:07:08","slug":"charniere-simple-action-a-ressort-150x40-mm-en-aluminium-anodisee-or-posee-totalement-en-applique-a-lame-centree-jaune-dore","status":"publish","type":"product","link":"https:\/\/hardwarexchange.shop\/pt-pt\/produit\/charniere-simple-action-a-ressort-150x40-mm-en-aluminium-anodisee-or-posee-totalement-en-applique-a-lame-centree-jaune-dore\/","title":{"rendered":"Charni\u00e8re simple action \u00e0 ressort, 150X40 mm, en aluminium anodis\u00e9e or pos\u00e9e totalement en applique, a lame centr\u00e9e. <br \/> &#8211; Jaune \/ dor\u00e9"},"content":{"rendered":"\n<p>Charni\u00e8re simple action \u00e0 ressort pos\u00e9e totalement en applique, pour une installation la plus simple du march\u00e9, avec un corps tr\u00e8s fin en aluminium et un large choix de finitions tr\u00e8s r\u00e9sistante. <br \/><br>Charni\u00e8re simple action \u00e0 ressort, 150X40 mm, en aluminium anodis\u00e9 argent, pour porte de 40 mm d\u2019\u00e9paisseur, ouverture maximale \u00e0 180 \u00b0, avec un dessin sp\u00e9cial, gr\u00e2ce auquel une aile s&#8217;embo\u00eete dans l&#8217;autre, ce qui offre une \u00e9paisseur exceptionnellement fine (2,5 mm). Il n&#8217;est donc plus n\u00e9cessaire, de r\u00e9aliser une mortaise dans la porte ou le cadre, la paumelle rentrant dans le jeu standard de la porte <br \/><br>Version a lame centr\u00e9e<br \/><br>Force de rappel ajustable au poids et dimensions de la porte, par r\u00e9glage de la tension du bouchon en zamac. <br \/><br>Rondelles de friction en polyamide, pour une grande souplesse en fonctionnement en silence. <br \/><br>Ressort int\u00e9rieur : paquet de lamelles acier au carbone avec graisse de protection, dans un tube en acier inox 304. <br \/><br>Charge maximale admise, porte de largeur 100 cm poids 40 KG, avec 2 charni\u00e8res. <br \/><br>Charge maximale admise, porte de largeur 100 cm poids 60 KG, avec 3 charni\u00e8res. <br \/><br>Produit garanti 500 000 cycles. Fabriqu\u00e9 en Espagne. <br \/><br>Utilisable en int\u00e9rieur ou ext\u00e9rieur. <br \/><br>Clef pour le r\u00e9glage et vis fournis. <br \/><\/p>\n","protected":false},"excerpt":{"rendered":"<p>Charni\u00e8re simple action \u00e0 ressort pos\u00e9e totalement en applique, pour une installation la plus simple du march\u00e9, avec un corps tr\u00e8s fin en aluminium et un large choix de finitions tr\u00e8s r\u00e9sistante. Charni\u00e8re simple action \u00e0 ressort, 150X40 mm, en aluminium anodis\u00e9 argent, pour porte de 40 mm d\u2019\u00e9paisseur, ouverture maximale \u00e0 180 \u00b0, avec [&hellip;]<\/p>\n","protected":false},"featured_media":108772,"template":"","meta":{"_acf_changed":false},"product_brand":[],"product_cat":[2356,2322,2281,378],"product_tag":[],"class_list":{"0":"post-89443","1":"product","2":"type-product","3":"status-publish","4":"has-post-thumbnail","6":"product_cat-charniere-ferme-porte","7":"product_cat-ferme-porte","8":"product_cat-pour-la-porte","9":"product_cat-quincaillerie","10":"product_shipping_class-xsxxs","11":"pa_couleur-jaune-dore","12":"pa_materiau-aluminium","14":"first","15":"instock","16":"purchasable","17":"product-type-simple"},"acf":[],"_links":{"self":[{"href":"https:\/\/hardwarexchange.shop\/pt-pt\/wp-json\/wp\/v2\/product\/89443","targetHints":{"allow":["GET"]}}],"collection":[{"href":"https:\/\/hardwarexchange.shop\/pt-pt\/wp-json\/wp\/v2\/product"}],"about":[{"href":"https:\/\/hardwarexchange.shop\/pt-pt\/wp-json\/wp\/v2\/types\/product"}],"wp:featuredmedia":[{"embeddable":true,"href":"https:\/\/hardwarexchange.shop\/pt-pt\/wp-json\/wp\/v2\/media\/108772"}],"wp:attachment":[{"href":"https:\/\/hardwarexchange.shop\/pt-pt\/wp-json\/wp\/v2\/media?parent=89443"}],"wp:term":[{"taxonomy":"product_brand","embeddable":true,"href":"https:\/\/hardwarexchange.shop\/pt-pt\/wp-json\/wp\/v2\/product_brand?post=89443"},{"taxonomy":"product_cat","embeddable":true,"href":"https:\/\/hardwarexchange.shop\/pt-pt\/wp-json\/wp\/v2\/product_cat?post=89443"},{"taxonomy":"product_tag","embeddable":true,"href":"https:\/\/hardwarexchange.shop\/pt-pt\/wp-json\/wp\/v2\/product_tag?post=89443"}],"curies":[{"name":"wp","href":"https:\/\/api.w.org\/{rel}","templated":true}]}}