{"id":94868,"date":"2026-05-13T07:17:50","date_gmt":"2026-05-13T06:17:50","guid":{"rendered":"https:\/\/hardwarexchange.shop\/produit\/lot-de-2-jardinieres-cages-en-metal-gris-20x13-x-h27-32cm-et-25x18-x-h34-38cm-gris-argent-fer\/"},"modified":"2026-05-13T07:18:02","modified_gmt":"2026-05-13T06:18:02","slug":"lot-de-2-jardinieres-cages-en-metal-gris-20x13-x-h27-32cm-et-25x18-x-h34-38cm-gris-argent-fer","status":"publish","type":"product","link":"https:\/\/hardwarexchange.shop\/pt-pt\/produit\/lot-de-2-jardinieres-cages-en-metal-gris-20x13-x-h27-32cm-et-25x18-x-h34-38cm-gris-argent-fer\/","title":{"rendered":"Lot de 2 jardini\u00e8res cages en m\u00e9tal gris 20&#215;13 x h27-32cm et  25&#215;18 x h34-38cm &#8211; Gris \/ argent, Fer"},"content":{"rendered":"\n<p>Lot de 2 jardini\u00e8res en m\u00e9tal gris, 20\u00d713 x h27-32cm, 25\u00d718 x h34-38cm.<br>Le produit est fabriqu\u00e9 ou fini \u00e0 la main sur commande et a donc un aspect artisanal et irr\u00e9gulier, qui fait son charme.<br>Produit en Asie, fini en Espagne. <br>S\u00e9lectionn\u00e9 pour son charme traditionnel par HardwarExchange.<\/p>\n","protected":false},"excerpt":{"rendered":"<p>Lot de 2 jardini\u00e8res en m\u00e9tal gris, 20\u00d713 x h27-32cm, 25\u00d718 x h34-38cm.Le produit est fabriqu\u00e9 ou fini \u00e0 la main sur commande et a donc un aspect artisanal et irr\u00e9gulier, qui fait son charme.Produit en Asie, fini en Espagne. S\u00e9lectionn\u00e9 pour son charme traditionnel par HardwarExchange.<\/p>\n","protected":false},"featured_media":94869,"template":"","meta":{"_acf_changed":false},"product_brand":[],"product_cat":[15],"product_tag":[],"class_list":{"0":"post-94868","1":"product","2":"type-product","3":"status-publish","4":"has-post-thumbnail","6":"product_cat-sans-categorie","7":"product_shipping_class-xsxxs","8":"pa_couleur-gris-argent","9":"pa_materiau-fer","11":"first","12":"instock","13":"purchasable","14":"product-type-simple"},"acf":[],"_links":{"self":[{"href":"https:\/\/hardwarexchange.shop\/pt-pt\/wp-json\/wp\/v2\/product\/94868","targetHints":{"allow":["GET"]}}],"collection":[{"href":"https:\/\/hardwarexchange.shop\/pt-pt\/wp-json\/wp\/v2\/product"}],"about":[{"href":"https:\/\/hardwarexchange.shop\/pt-pt\/wp-json\/wp\/v2\/types\/product"}],"wp:featuredmedia":[{"embeddable":true,"href":"https:\/\/hardwarexchange.shop\/pt-pt\/wp-json\/wp\/v2\/media\/94869"}],"wp:attachment":[{"href":"https:\/\/hardwarexchange.shop\/pt-pt\/wp-json\/wp\/v2\/media?parent=94868"}],"wp:term":[{"taxonomy":"product_brand","embeddable":true,"href":"https:\/\/hardwarexchange.shop\/pt-pt\/wp-json\/wp\/v2\/product_brand?post=94868"},{"taxonomy":"product_cat","embeddable":true,"href":"https:\/\/hardwarexchange.shop\/pt-pt\/wp-json\/wp\/v2\/product_cat?post=94868"},{"taxonomy":"product_tag","embeddable":true,"href":"https:\/\/hardwarexchange.shop\/pt-pt\/wp-json\/wp\/v2\/product_tag?post=94868"}],"curies":[{"name":"wp","href":"https:\/\/api.w.org\/{rel}","templated":true}]}}