{"id":94942,"date":"2026-05-13T07:18:34","date_gmt":"2026-05-13T06:18:34","guid":{"rendered":"https:\/\/hardwarexchange.shop\/produit\/support-en-bois-pour-4-pots-265x9-x-h35-11cm-avec-pot-en-verre-5xh10cm-gris-argent\/"},"modified":"2026-05-13T07:19:02","modified_gmt":"2026-05-13T06:19:02","slug":"support-en-bois-pour-4-pots-265x9-x-h35-11cm-avec-pot-en-verre-5xh10cm-gris-argent","status":"publish","type":"product","link":"https:\/\/hardwarexchange.shop\/pt-pt\/produit\/support-en-bois-pour-4-pots-265x9-x-h35-11cm-avec-pot-en-verre-5xh10cm-gris-argent\/","title":{"rendered":"Support en bois pour 4 pots 26,5&#215;9 x h3,5\/11cm avec Pot en verre 5xh10cm &#8211; Gris \/ argent"},"content":{"rendered":"\n<p>Support en bois pour 4 pots, 26,5\u00d79 x h3,5\/11cm avec pots, Pot en verre 5xh10cm<br>Le produit est fabriqu\u00e9 ou fini \u00e0 la main sur commande et a donc un aspect artisanal et irr\u00e9gulier, qui fait son charme.<br>Produit en Asie, fini en Espagne. <br>S\u00e9lectionn\u00e9 pour son charme traditionnel par HardwarExchange.<\/p>\n","protected":false},"excerpt":{"rendered":"<p>Support en bois pour 4 pots, 26,5\u00d79 x h3,5\/11cm avec pots, Pot en verre 5xh10cmLe produit est fabriqu\u00e9 ou fini \u00e0 la main sur commande et a donc un aspect artisanal et irr\u00e9gulier, qui fait son charme.Produit en Asie, fini en Espagne. S\u00e9lectionn\u00e9 pour son charme traditionnel par HardwarExchange.<\/p>\n","protected":false},"featured_media":94943,"template":"","meta":{"_acf_changed":false},"product_brand":[],"product_cat":[15],"product_tag":[],"class_list":{"0":"post-94942","1":"product","2":"type-product","3":"status-publish","4":"has-post-thumbnail","6":"product_cat-sans-categorie","7":"product_shipping_class-xsxxs","8":"pa_couleur-gris-argent","9":"pa_materiau-bois","11":"first","12":"instock","13":"purchasable","14":"product-type-simple"},"acf":[],"_links":{"self":[{"href":"https:\/\/hardwarexchange.shop\/pt-pt\/wp-json\/wp\/v2\/product\/94942","targetHints":{"allow":["GET"]}}],"collection":[{"href":"https:\/\/hardwarexchange.shop\/pt-pt\/wp-json\/wp\/v2\/product"}],"about":[{"href":"https:\/\/hardwarexchange.shop\/pt-pt\/wp-json\/wp\/v2\/types\/product"}],"wp:featuredmedia":[{"embeddable":true,"href":"https:\/\/hardwarexchange.shop\/pt-pt\/wp-json\/wp\/v2\/media\/94943"}],"wp:attachment":[{"href":"https:\/\/hardwarexchange.shop\/pt-pt\/wp-json\/wp\/v2\/media?parent=94942"}],"wp:term":[{"taxonomy":"product_brand","embeddable":true,"href":"https:\/\/hardwarexchange.shop\/pt-pt\/wp-json\/wp\/v2\/product_brand?post=94942"},{"taxonomy":"product_cat","embeddable":true,"href":"https:\/\/hardwarexchange.shop\/pt-pt\/wp-json\/wp\/v2\/product_cat?post=94942"},{"taxonomy":"product_tag","embeddable":true,"href":"https:\/\/hardwarexchange.shop\/pt-pt\/wp-json\/wp\/v2\/product_tag?post=94942"}],"curies":[{"name":"wp","href":"https:\/\/api.w.org\/{rel}","templated":true}]}}