{"id":94948,"date":"2026-05-13T07:18:34","date_gmt":"2026-05-13T06:18:34","guid":{"rendered":"https:\/\/hardwarexchange.shop\/produit\/couvre-les-pots-cylindrique-decoratif-en-sparte-naturelle-35cm-de-diametre-x-35cm-de-hauteur-sans-fond-beige-osier\/"},"modified":"2026-05-13T07:19:05","modified_gmt":"2026-05-13T06:19:05","slug":"couvre-les-pots-cylindrique-decoratif-en-sparte-naturelle-35cm-de-diametre-x-35cm-de-hauteur-sans-fond-beige-osier","status":"publish","type":"product","link":"https:\/\/hardwarexchange.shop\/pt-pt\/produit\/couvre-les-pots-cylindrique-decoratif-en-sparte-naturelle-35cm-de-diametre-x-35cm-de-hauteur-sans-fond-beige-osier\/","title":{"rendered":"Couvre les pots cylindrique d\u00e9coratif en sparte naturelle 35cm de diam\u00e8tre x 35cm de hauteur sans fond &#8211; Beige, Osier"},"content":{"rendered":"\n<p>Couvre les pots en osier 35cm de diam\u00e8tre x 35cm de hauteur, Il n\u2019a pas de fond, c\u2019est un cylindre<br>Le produit est fabriqu\u00e9 ou fini \u00e0 la main sur commande et a donc un aspect artisanal et irr\u00e9gulier, qui fait son charme.<br>Produit en Asie, fini en Espagne. <br>S\u00e9lectionn\u00e9 pour son charme traditionnel par HardwarExchange.<\/p>\n","protected":false},"excerpt":{"rendered":"<p>Couvre les pots en osier 35cm de diam\u00e8tre x 35cm de hauteur, Il n\u2019a pas de fond, c\u2019est un cylindreLe produit est fabriqu\u00e9 ou fini \u00e0 la main sur commande et a donc un aspect artisanal et irr\u00e9gulier, qui fait son charme.Produit en Asie, fini en Espagne. S\u00e9lectionn\u00e9 pour son charme traditionnel par HardwarExchange.<\/p>\n","protected":false},"featured_media":94949,"template":"","meta":{"_acf_changed":false},"product_brand":[],"product_cat":[15],"product_tag":[],"class_list":{"0":"post-94948","1":"product","2":"type-product","3":"status-publish","4":"has-post-thumbnail","6":"product_cat-sans-categorie","7":"product_shipping_class-xsxxs","8":"pa_couleur-beige","9":"pa_materiau-osier","11":"first","12":"instock","13":"purchasable","14":"product-type-simple"},"acf":[],"_links":{"self":[{"href":"https:\/\/hardwarexchange.shop\/pt-pt\/wp-json\/wp\/v2\/product\/94948","targetHints":{"allow":["GET"]}}],"collection":[{"href":"https:\/\/hardwarexchange.shop\/pt-pt\/wp-json\/wp\/v2\/product"}],"about":[{"href":"https:\/\/hardwarexchange.shop\/pt-pt\/wp-json\/wp\/v2\/types\/product"}],"wp:featuredmedia":[{"embeddable":true,"href":"https:\/\/hardwarexchange.shop\/pt-pt\/wp-json\/wp\/v2\/media\/94949"}],"wp:attachment":[{"href":"https:\/\/hardwarexchange.shop\/pt-pt\/wp-json\/wp\/v2\/media?parent=94948"}],"wp:term":[{"taxonomy":"product_brand","embeddable":true,"href":"https:\/\/hardwarexchange.shop\/pt-pt\/wp-json\/wp\/v2\/product_brand?post=94948"},{"taxonomy":"product_cat","embeddable":true,"href":"https:\/\/hardwarexchange.shop\/pt-pt\/wp-json\/wp\/v2\/product_cat?post=94948"},{"taxonomy":"product_tag","embeddable":true,"href":"https:\/\/hardwarexchange.shop\/pt-pt\/wp-json\/wp\/v2\/product_tag?post=94948"}],"curies":[{"name":"wp","href":"https:\/\/api.w.org\/{rel}","templated":true}]}}