{"id":94959,"date":"2026-05-13T07:18:34","date_gmt":"2026-05-13T06:18:34","guid":{"rendered":"https:\/\/hardwarexchange.shop\/produit\/porte-bouteille-decoratif-en-bois-35x17-x-hauteur-21cm-avec-3-bouteilles-en-verre-diametre-65-x-hauteur-17cm-marron-bois-et-verre\/"},"modified":"2026-05-13T07:19:15","modified_gmt":"2026-05-13T06:19:15","slug":"porte-bouteille-decoratif-en-bois-35x17-x-hauteur-21cm-avec-3-bouteilles-en-verre-diametre-65-x-hauteur-17cm-marron-bois-et-verre","status":"publish","type":"product","link":"https:\/\/hardwarexchange.shop\/pt-pt\/produit\/porte-bouteille-decoratif-en-bois-35x17-x-hauteur-21cm-avec-3-bouteilles-en-verre-diametre-65-x-hauteur-17cm-marron-bois-et-verre\/","title":{"rendered":"Porte-bouteille d\u00e9coratif en bois 35&#215;17 x hauteur 21cm avec 3 Bouteilles en verre diam\u00e8tre 6,5 x hauteur 17cm &#8211; Marron, Bois et verre"},"content":{"rendered":"\n<p>Porte-bouteille d\u00e9coratif en bois, 35\u00d717 x hauteur 21cm, avec 3 Bouteilles en verre diam\u00e8tre 6,5 x hauteur 17cm.<br>Le produit est fabriqu\u00e9 ou fini \u00e0 la main sur commande et a donc un aspect artisanal et irr\u00e9gulier, qui fait son charme.<br>Produit en Asie, fini en Espagne. <br>S\u00e9lectionn\u00e9 pour son charme traditionnel par HardwarExchange.<\/p>\n","protected":false},"excerpt":{"rendered":"<p>Porte-bouteille d\u00e9coratif en bois, 35\u00d717 x hauteur 21cm, avec 3 Bouteilles en verre diam\u00e8tre 6,5 x hauteur 17cm.Le produit est fabriqu\u00e9 ou fini \u00e0 la main sur commande et a donc un aspect artisanal et irr\u00e9gulier, qui fait son charme.Produit en Asie, fini en Espagne. S\u00e9lectionn\u00e9 pour son charme traditionnel par HardwarExchange.<\/p>\n","protected":false},"featured_media":94960,"template":"","meta":{"_acf_changed":false},"product_brand":[],"product_cat":[15],"product_tag":[],"class_list":{"0":"post-94959","1":"product","2":"type-product","3":"status-publish","4":"has-post-thumbnail","6":"product_cat-sans-categorie","7":"product_shipping_class-xsxxs","8":"pa_couleur-marron","9":"pa_materiau-bois-et-verre","11":"first","12":"instock","13":"purchasable","14":"product-type-simple"},"acf":[],"_links":{"self":[{"href":"https:\/\/hardwarexchange.shop\/pt-pt\/wp-json\/wp\/v2\/product\/94959","targetHints":{"allow":["GET"]}}],"collection":[{"href":"https:\/\/hardwarexchange.shop\/pt-pt\/wp-json\/wp\/v2\/product"}],"about":[{"href":"https:\/\/hardwarexchange.shop\/pt-pt\/wp-json\/wp\/v2\/types\/product"}],"wp:featuredmedia":[{"embeddable":true,"href":"https:\/\/hardwarexchange.shop\/pt-pt\/wp-json\/wp\/v2\/media\/94960"}],"wp:attachment":[{"href":"https:\/\/hardwarexchange.shop\/pt-pt\/wp-json\/wp\/v2\/media?parent=94959"}],"wp:term":[{"taxonomy":"product_brand","embeddable":true,"href":"https:\/\/hardwarexchange.shop\/pt-pt\/wp-json\/wp\/v2\/product_brand?post=94959"},{"taxonomy":"product_cat","embeddable":true,"href":"https:\/\/hardwarexchange.shop\/pt-pt\/wp-json\/wp\/v2\/product_cat?post=94959"},{"taxonomy":"product_tag","embeddable":true,"href":"https:\/\/hardwarexchange.shop\/pt-pt\/wp-json\/wp\/v2\/product_tag?post=94959"}],"curies":[{"name":"wp","href":"https:\/\/api.w.org\/{rel}","templated":true}]}}