{"id":94973,"date":"2026-05-13T07:19:25","date_gmt":"2026-05-13T06:19:25","guid":{"rendered":"https:\/\/hardwarexchange.shop\/produit\/abat-jour-en-osier-27-cm-de-diametre-et-24cm-de-hauteur-chaine-40cm-coloris-naturel-sans-trou-pour-cable-beige\/"},"modified":"2026-05-13T07:19:28","modified_gmt":"2026-05-13T06:19:28","slug":"abat-jour-en-osier-27-cm-de-diametre-et-24cm-de-hauteur-chaine-40cm-coloris-naturel-sans-trou-pour-cable-beige","status":"publish","type":"product","link":"https:\/\/hardwarexchange.shop\/pt-pt\/produit\/abat-jour-en-osier-27-cm-de-diametre-et-24cm-de-hauteur-chaine-40cm-coloris-naturel-sans-trou-pour-cable-beige\/","title":{"rendered":"Abat jour en osier 27 cm de diam\u00e8tre et 24cm de hauteur- cha\u00eene 40cm-coloris naturel sans trou pour c\u00e2ble &#8211; Beige"},"content":{"rendered":"\n<p>Paravent de plafond en osier, 27 cm de diam\u00e8tre. et 24cm de hauteur, cha\u00eene 40cm, coloris naturel, sans trou pour c\u00e2ble<br>Le produit est fabriqu\u00e9 ou fini \u00e0 la main sur commande et a donc un aspect artisanal et irr\u00e9gulier, qui fait son charme.<br>Produit en Asie, fini en Espagne. <br>S\u00e9lectionn\u00e9 pour son charme traditionnel par HardwarExchange.<\/p>\n","protected":false},"excerpt":{"rendered":"<p>Paravent de plafond en osier, 27 cm de diam\u00e8tre. et 24cm de hauteur, cha\u00eene 40cm, coloris naturel, sans trou pour c\u00e2bleLe produit est fabriqu\u00e9 ou fini \u00e0 la main sur commande et a donc un aspect artisanal et irr\u00e9gulier, qui fait son charme.Produit en Asie, fini en Espagne. S\u00e9lectionn\u00e9 pour son charme traditionnel par HardwarExchange.<\/p>\n","protected":false},"featured_media":94974,"template":"","meta":{"_acf_changed":false},"product_brand":[],"product_cat":[15],"product_tag":[],"class_list":{"0":"post-94973","1":"product","2":"type-product","3":"status-publish","4":"has-post-thumbnail","6":"product_cat-sans-categorie","7":"product_shipping_class-xsxxs","8":"pa_couleur-beige","9":"pa_materiau-osier","11":"first","12":"instock","13":"purchasable","14":"product-type-simple"},"acf":[],"_links":{"self":[{"href":"https:\/\/hardwarexchange.shop\/pt-pt\/wp-json\/wp\/v2\/product\/94973","targetHints":{"allow":["GET"]}}],"collection":[{"href":"https:\/\/hardwarexchange.shop\/pt-pt\/wp-json\/wp\/v2\/product"}],"about":[{"href":"https:\/\/hardwarexchange.shop\/pt-pt\/wp-json\/wp\/v2\/types\/product"}],"wp:featuredmedia":[{"embeddable":true,"href":"https:\/\/hardwarexchange.shop\/pt-pt\/wp-json\/wp\/v2\/media\/94974"}],"wp:attachment":[{"href":"https:\/\/hardwarexchange.shop\/pt-pt\/wp-json\/wp\/v2\/media?parent=94973"}],"wp:term":[{"taxonomy":"product_brand","embeddable":true,"href":"https:\/\/hardwarexchange.shop\/pt-pt\/wp-json\/wp\/v2\/product_brand?post=94973"},{"taxonomy":"product_cat","embeddable":true,"href":"https:\/\/hardwarexchange.shop\/pt-pt\/wp-json\/wp\/v2\/product_cat?post=94973"},{"taxonomy":"product_tag","embeddable":true,"href":"https:\/\/hardwarexchange.shop\/pt-pt\/wp-json\/wp\/v2\/product_tag?post=94973"}],"curies":[{"name":"wp","href":"https:\/\/api.w.org\/{rel}","templated":true}]}}