{"id":94985,"date":"2026-05-13T07:19:25","date_gmt":"2026-05-13T06:19:25","guid":{"rendered":"https:\/\/hardwarexchange.shop\/produit\/support-en-bois-blanc-145x75cm-x-h6-11cm-avec-2-carafes-en-verre-55-cm-diam-x-h10cm\/"},"modified":"2026-05-13T07:19:38","modified_gmt":"2026-05-13T06:19:38","slug":"support-en-bois-blanc-145x75cm-x-h6-11cm-avec-2-carafes-en-verre-55-cm-diam-x-h10cm","status":"publish","type":"product","link":"https:\/\/hardwarexchange.shop\/pt-pt\/produit\/support-en-bois-blanc-145x75cm-x-h6-11cm-avec-2-carafes-en-verre-55-cm-diam-x-h10cm\/","title":{"rendered":"Support en bois blanc 14,5&#215;7,5cm x h6\/11cm avec 2 carafes en verre 5,5 cm diam x h10cm"},"content":{"rendered":"\n<p>Support en bois avec 2 pots, 14,5\u00d77,5 x h6\/11cm avec pots, Pots 5,5 diam x h10cm<br>Le produit est fabriqu\u00e9 ou fini \u00e0 la main sur commande et a donc un aspect artisanal et irr\u00e9gulier, qui fait son charme.<br>Produit en Asie, fini en Espagne. <br>S\u00e9lectionn\u00e9 pour son charme traditionnel par HardwarExchange.<\/p>\n","protected":false},"excerpt":{"rendered":"<p>Support en bois avec 2 pots, 14,5\u00d77,5 x h6\/11cm avec pots, Pots 5,5 diam x h10cmLe produit est fabriqu\u00e9 ou fini \u00e0 la main sur commande et a donc un aspect artisanal et irr\u00e9gulier, qui fait son charme.Produit en Asie, fini en Espagne. S\u00e9lectionn\u00e9 pour son charme traditionnel par HardwarExchange.<\/p>\n","protected":false},"featured_media":94986,"template":"","meta":{"_acf_changed":false},"product_brand":[],"product_cat":[15],"product_tag":[],"class_list":{"0":"post-94985","1":"product","2":"type-product","3":"status-publish","4":"has-post-thumbnail","6":"product_cat-sans-categorie","7":"product_shipping_class-xsxxs","8":"pa_couleur-blanc","9":"pa_materiau-bois","11":"first","12":"instock","13":"purchasable","14":"product-type-simple"},"acf":[],"_links":{"self":[{"href":"https:\/\/hardwarexchange.shop\/pt-pt\/wp-json\/wp\/v2\/product\/94985","targetHints":{"allow":["GET"]}}],"collection":[{"href":"https:\/\/hardwarexchange.shop\/pt-pt\/wp-json\/wp\/v2\/product"}],"about":[{"href":"https:\/\/hardwarexchange.shop\/pt-pt\/wp-json\/wp\/v2\/types\/product"}],"wp:featuredmedia":[{"embeddable":true,"href":"https:\/\/hardwarexchange.shop\/pt-pt\/wp-json\/wp\/v2\/media\/94986"}],"wp:attachment":[{"href":"https:\/\/hardwarexchange.shop\/pt-pt\/wp-json\/wp\/v2\/media?parent=94985"}],"wp:term":[{"taxonomy":"product_brand","embeddable":true,"href":"https:\/\/hardwarexchange.shop\/pt-pt\/wp-json\/wp\/v2\/product_brand?post=94985"},{"taxonomy":"product_cat","embeddable":true,"href":"https:\/\/hardwarexchange.shop\/pt-pt\/wp-json\/wp\/v2\/product_cat?post=94985"},{"taxonomy":"product_tag","embeddable":true,"href":"https:\/\/hardwarexchange.shop\/pt-pt\/wp-json\/wp\/v2\/product_tag?post=94985"}],"curies":[{"name":"wp","href":"https:\/\/api.w.org\/{rel}","templated":true}]}}