{"id":94988,"date":"2026-05-13T07:19:25","date_gmt":"2026-05-13T06:19:25","guid":{"rendered":"https:\/\/hardwarexchange.shop\/produit\/plateau-en-bois-blanc-28x27-x-h-14cm-avec-4-pots-en-zinc-10x10cm-lot-de-2-bois-et-verre\/"},"modified":"2026-05-13T07:19:40","modified_gmt":"2026-05-13T06:19:40","slug":"plateau-en-bois-blanc-28x27-x-h-14cm-avec-4-pots-en-zinc-10x10cm-lot-de-2-bois-et-verre","status":"publish","type":"product","link":"https:\/\/hardwarexchange.shop\/pt-pt\/produit\/plateau-en-bois-blanc-28x27-x-h-14cm-avec-4-pots-en-zinc-10x10cm-lot-de-2-bois-et-verre\/","title":{"rendered":"Plateau en bois blanc 28&#215;27 x h 14cm avec 4 Pots en zinc 10x10cm Lot de 2 &#8211; Bois et verre"},"content":{"rendered":"\n<p>Plateau en bois avec 4 pots en zinc, 28\u00d727 x hauteur 14cm, avec 4 Pots 10x10cm<br>Le produit est fabriqu\u00e9 ou fini \u00e0 la main sur commande et a donc un aspect artisanal et irr\u00e9gulier, qui fait son charme.<br>Produit en Asie, fini en Espagne. <br>S\u00e9lectionn\u00e9 pour son charme traditionnel par HardwarExchange.<\/p>\n","protected":false},"excerpt":{"rendered":"<p>Plateau en bois avec 4 pots en zinc, 28\u00d727 x hauteur 14cm, avec 4 Pots 10x10cmLe produit est fabriqu\u00e9 ou fini \u00e0 la main sur commande et a donc un aspect artisanal et irr\u00e9gulier, qui fait son charme.Produit en Asie, fini en Espagne. S\u00e9lectionn\u00e9 pour son charme traditionnel par HardwarExchange.<\/p>\n","protected":false},"featured_media":94989,"template":"","meta":{"_acf_changed":false},"product_brand":[],"product_cat":[15],"product_tag":[],"class_list":{"0":"post-94988","1":"product","2":"type-product","3":"status-publish","4":"has-post-thumbnail","6":"product_cat-sans-categorie","7":"product_shipping_class-xsxxs","8":"pa_couleur-blanc","9":"pa_materiau-bois-et-verre","11":"first","12":"instock","13":"purchasable","14":"product-type-simple"},"acf":[],"_links":{"self":[{"href":"https:\/\/hardwarexchange.shop\/pt-pt\/wp-json\/wp\/v2\/product\/94988","targetHints":{"allow":["GET"]}}],"collection":[{"href":"https:\/\/hardwarexchange.shop\/pt-pt\/wp-json\/wp\/v2\/product"}],"about":[{"href":"https:\/\/hardwarexchange.shop\/pt-pt\/wp-json\/wp\/v2\/types\/product"}],"wp:featuredmedia":[{"embeddable":true,"href":"https:\/\/hardwarexchange.shop\/pt-pt\/wp-json\/wp\/v2\/media\/94989"}],"wp:attachment":[{"href":"https:\/\/hardwarexchange.shop\/pt-pt\/wp-json\/wp\/v2\/media?parent=94988"}],"wp:term":[{"taxonomy":"product_brand","embeddable":true,"href":"https:\/\/hardwarexchange.shop\/pt-pt\/wp-json\/wp\/v2\/product_brand?post=94988"},{"taxonomy":"product_cat","embeddable":true,"href":"https:\/\/hardwarexchange.shop\/pt-pt\/wp-json\/wp\/v2\/product_cat?post=94988"},{"taxonomy":"product_tag","embeddable":true,"href":"https:\/\/hardwarexchange.shop\/pt-pt\/wp-json\/wp\/v2\/product_tag?post=94988"}],"curies":[{"name":"wp","href":"https:\/\/api.w.org\/{rel}","templated":true}]}}