{"id":95008,"date":"2026-05-13T07:19:25","date_gmt":"2026-05-13T06:19:25","guid":{"rendered":"https:\/\/hardwarexchange.shop\/produit\/grand-bougeoir-en-fer-avec-corde-12-cm-de-diametre-x-115-cm-de-hauteur-bocal-en-verre-10-cm-de-diametre-x-10-cm-de-hauteur-marron\/"},"modified":"2026-05-13T07:19:50","modified_gmt":"2026-05-13T06:19:50","slug":"grand-bougeoir-en-fer-avec-corde-12-cm-de-diametre-x-115-cm-de-hauteur-bocal-en-verre-10-cm-de-diametre-x-10-cm-de-hauteur-marron","status":"publish","type":"product","link":"https:\/\/hardwarexchange.shop\/pt-pt\/produit\/grand-bougeoir-en-fer-avec-corde-12-cm-de-diametre-x-115-cm-de-hauteur-bocal-en-verre-10-cm-de-diametre-x-10-cm-de-hauteur-marron\/","title":{"rendered":"Grand bougeoir en fer avec corde, 12 cm de diam\u00e8tre x 11,5 cm de hauteur\u00a0; bocal en verre, 10 cm de diam\u00e8tre x 10 cm de hauteur &#8211; Marron"},"content":{"rendered":"\n<p>Porte bougie en fer avec corde, diam\u00e8tre 12 x hauteur 11,5cm, avec 1 Pot en verre diam\u00e8tre 10 x hauteur 10cm<br>Le produit est fabriqu\u00e9 ou fini \u00e0 la main sur commande et a donc un aspect artisanal et irr\u00e9gulier, qui fait son charme.<br>Produit en Asie, fini en Espagne. <br>S\u00e9lectionn\u00e9 pour son charme traditionnel par HardwarExchange.<\/p>\n","protected":false},"excerpt":{"rendered":"<p>Porte bougie en fer avec corde, diam\u00e8tre 12 x hauteur 11,5cm, avec 1 Pot en verre diam\u00e8tre 10 x hauteur 10cmLe produit est fabriqu\u00e9 ou fini \u00e0 la main sur commande et a donc un aspect artisanal et irr\u00e9gulier, qui fait son charme.Produit en Asie, fini en Espagne. S\u00e9lectionn\u00e9 pour son charme traditionnel par HardwarExchange.<\/p>\n","protected":false},"featured_media":95009,"template":"","meta":{"_acf_changed":false},"product_brand":[],"product_cat":[15],"product_tag":[],"class_list":{"0":"post-95008","1":"product","2":"type-product","3":"status-publish","4":"has-post-thumbnail","6":"product_cat-sans-categorie","7":"product_shipping_class-xsxxs","8":"pa_couleur-marron","9":"pa_materiau-fer","11":"first","12":"instock","13":"purchasable","14":"product-type-simple"},"acf":[],"_links":{"self":[{"href":"https:\/\/hardwarexchange.shop\/pt-pt\/wp-json\/wp\/v2\/product\/95008","targetHints":{"allow":["GET"]}}],"collection":[{"href":"https:\/\/hardwarexchange.shop\/pt-pt\/wp-json\/wp\/v2\/product"}],"about":[{"href":"https:\/\/hardwarexchange.shop\/pt-pt\/wp-json\/wp\/v2\/types\/product"}],"wp:featuredmedia":[{"embeddable":true,"href":"https:\/\/hardwarexchange.shop\/pt-pt\/wp-json\/wp\/v2\/media\/95009"}],"wp:attachment":[{"href":"https:\/\/hardwarexchange.shop\/pt-pt\/wp-json\/wp\/v2\/media?parent=95008"}],"wp:term":[{"taxonomy":"product_brand","embeddable":true,"href":"https:\/\/hardwarexchange.shop\/pt-pt\/wp-json\/wp\/v2\/product_brand?post=95008"},{"taxonomy":"product_cat","embeddable":true,"href":"https:\/\/hardwarexchange.shop\/pt-pt\/wp-json\/wp\/v2\/product_cat?post=95008"},{"taxonomy":"product_tag","embeddable":true,"href":"https:\/\/hardwarexchange.shop\/pt-pt\/wp-json\/wp\/v2\/product_tag?post=95008"}],"curies":[{"name":"wp","href":"https:\/\/api.w.org\/{rel}","templated":true}]}}