{"id":95011,"date":"2026-05-13T07:19:25","date_gmt":"2026-05-13T06:19:25","guid":{"rendered":"https:\/\/hardwarexchange.shop\/produit\/plateau-en-bois-porte-bougie-avec-poignees-en-corde-22x22-x-h16cm-avec-6-bouteilles-en-verre-d-65-x-h-11cm-multicouleur-bois-et-verre\/"},"modified":"2026-05-13T07:19:52","modified_gmt":"2026-05-13T06:19:52","slug":"plateau-en-bois-porte-bougie-avec-poignees-en-corde-22x22-x-h16cm-avec-6-bouteilles-en-verre-d-65-x-h-11cm-multicouleur-bois-et-verre","status":"publish","type":"product","link":"https:\/\/hardwarexchange.shop\/pt-pt\/produit\/plateau-en-bois-porte-bougie-avec-poignees-en-corde-22x22-x-h16cm-avec-6-bouteilles-en-verre-d-65-x-h-11cm-multicouleur-bois-et-verre\/","title":{"rendered":"Plateau en bois porte bougie avec poign\u00e9es en corde 22&#215;22 x H16cm avec 6 bouteilles en verre D 6,5 x h 11cm &#8211; Multicouleur, Bois et verre"},"content":{"rendered":"\n<p>Plateau en bois porte bougie avec poign\u00e9es en corde, 22\u00d722 x hauteur 16cm,avec 6 bouteilles en verre diam\u00e8tres 6,5 x hauteur 11cm.<br>Le produit est fabriqu\u00e9 ou fini \u00e0 la main sur commande et a donc un aspect artisanal et irr\u00e9gulier, qui fait son charme.<br>Produit en Asie, fini en Espagne. <br>S\u00e9lectionn\u00e9 pour son charme traditionnel par HardwarExchange.<\/p>\n","protected":false},"excerpt":{"rendered":"<p>Plateau en bois porte bougie avec poign\u00e9es en corde, 22\u00d722 x hauteur 16cm,avec 6 bouteilles en verre diam\u00e8tres 6,5 x hauteur 11cm.Le produit est fabriqu\u00e9 ou fini \u00e0 la main sur commande et a donc un aspect artisanal et irr\u00e9gulier, qui fait son charme.Produit en Asie, fini en Espagne. S\u00e9lectionn\u00e9 pour son charme traditionnel par [&hellip;]<\/p>\n","protected":false},"featured_media":95012,"template":"","meta":{"_acf_changed":false},"product_brand":[],"product_cat":[15],"product_tag":[],"class_list":{"0":"post-95011","1":"product","2":"type-product","3":"status-publish","4":"has-post-thumbnail","6":"product_cat-sans-categorie","7":"product_shipping_class-xsxxs","8":"pa_couleur-multicouleur","9":"pa_materiau-bois-et-verre","11":"first","12":"instock","13":"purchasable","14":"product-type-simple"},"acf":[],"_links":{"self":[{"href":"https:\/\/hardwarexchange.shop\/pt-pt\/wp-json\/wp\/v2\/product\/95011","targetHints":{"allow":["GET"]}}],"collection":[{"href":"https:\/\/hardwarexchange.shop\/pt-pt\/wp-json\/wp\/v2\/product"}],"about":[{"href":"https:\/\/hardwarexchange.shop\/pt-pt\/wp-json\/wp\/v2\/types\/product"}],"wp:featuredmedia":[{"embeddable":true,"href":"https:\/\/hardwarexchange.shop\/pt-pt\/wp-json\/wp\/v2\/media\/95012"}],"wp:attachment":[{"href":"https:\/\/hardwarexchange.shop\/pt-pt\/wp-json\/wp\/v2\/media?parent=95011"}],"wp:term":[{"taxonomy":"product_brand","embeddable":true,"href":"https:\/\/hardwarexchange.shop\/pt-pt\/wp-json\/wp\/v2\/product_brand?post=95011"},{"taxonomy":"product_cat","embeddable":true,"href":"https:\/\/hardwarexchange.shop\/pt-pt\/wp-json\/wp\/v2\/product_cat?post=95011"},{"taxonomy":"product_tag","embeddable":true,"href":"https:\/\/hardwarexchange.shop\/pt-pt\/wp-json\/wp\/v2\/product_tag?post=95011"}],"curies":[{"name":"wp","href":"https:\/\/api.w.org\/{rel}","templated":true}]}}