{"id":95054,"date":"2026-05-13T07:20:05","date_gmt":"2026-05-13T06:20:05","guid":{"rendered":"https:\/\/hardwarexchange.shop\/produit\/bougeoir-cylindrique-vert-en-osier-27-diam-x-h39cm-et-pot-en-verre-8-diam-x-h8cm\/"},"modified":"2026-05-13T07:20:23","modified_gmt":"2026-05-13T06:20:23","slug":"bougeoir-cylindrique-vert-en-osier-27-diam-x-h39cm-et-pot-en-verre-8-diam-x-h8cm","status":"publish","type":"product","link":"https:\/\/hardwarexchange.shop\/pt-pt\/produit\/bougeoir-cylindrique-vert-en-osier-27-diam-x-h39cm-et-pot-en-verre-8-diam-x-h8cm\/","title":{"rendered":"Bougeoir cylindrique vert en osier 27 diam x h39cm et pot en verre 8 diam x h8cm"},"content":{"rendered":"\n<p>Petit bougeoir cylindre vert en osier, 27 diam. x h39cm, pot en verre 8 diam x h8cm.<br>Le produit est fabriqu\u00e9 ou fini \u00e0 la main sur commande et a donc un aspect artisanal et irr\u00e9gulier, qui fait son charme.<br>Produit en Asie, fini en Espagne. <br>S\u00e9lectionn\u00e9 pour son charme traditionnel par HardwarExchange.<\/p>\n","protected":false},"excerpt":{"rendered":"<p>Petit bougeoir cylindre vert en osier, 27 diam. x h39cm, pot en verre 8 diam x h8cm.Le produit est fabriqu\u00e9 ou fini \u00e0 la main sur commande et a donc un aspect artisanal et irr\u00e9gulier, qui fait son charme.Produit en Asie, fini en Espagne. S\u00e9lectionn\u00e9 pour son charme traditionnel par HardwarExchange.<\/p>\n","protected":false},"featured_media":95055,"template":"","meta":{"_acf_changed":false},"product_brand":[],"product_cat":[15],"product_tag":[],"class_list":{"0":"post-95054","1":"product","2":"type-product","3":"status-publish","4":"has-post-thumbnail","6":"product_cat-sans-categorie","7":"product_shipping_class-xsxxs","8":"pa_couleur-vert","9":"pa_materiau-osier","11":"first","12":"instock","13":"purchasable","14":"product-type-simple"},"acf":[],"_links":{"self":[{"href":"https:\/\/hardwarexchange.shop\/pt-pt\/wp-json\/wp\/v2\/product\/95054","targetHints":{"allow":["GET"]}}],"collection":[{"href":"https:\/\/hardwarexchange.shop\/pt-pt\/wp-json\/wp\/v2\/product"}],"about":[{"href":"https:\/\/hardwarexchange.shop\/pt-pt\/wp-json\/wp\/v2\/types\/product"}],"wp:featuredmedia":[{"embeddable":true,"href":"https:\/\/hardwarexchange.shop\/pt-pt\/wp-json\/wp\/v2\/media\/95055"}],"wp:attachment":[{"href":"https:\/\/hardwarexchange.shop\/pt-pt\/wp-json\/wp\/v2\/media?parent=95054"}],"wp:term":[{"taxonomy":"product_brand","embeddable":true,"href":"https:\/\/hardwarexchange.shop\/pt-pt\/wp-json\/wp\/v2\/product_brand?post=95054"},{"taxonomy":"product_cat","embeddable":true,"href":"https:\/\/hardwarexchange.shop\/pt-pt\/wp-json\/wp\/v2\/product_cat?post=95054"},{"taxonomy":"product_tag","embeddable":true,"href":"https:\/\/hardwarexchange.shop\/pt-pt\/wp-json\/wp\/v2\/product_tag?post=95054"}],"curies":[{"name":"wp","href":"https:\/\/api.w.org\/{rel}","templated":true}]}}