{"id":95061,"date":"2026-05-13T07:20:05","date_gmt":"2026-05-13T06:20:05","guid":{"rendered":"https:\/\/hardwarexchange.shop\/produit\/bougeoir-double-en-fil-de-fer-et-bois-27x14-x-h195cm-avec-2-pots-en-verre-97-diam-x-145cm-multicouleur-bois-et-metal\/"},"modified":"2026-05-13T07:20:28","modified_gmt":"2026-05-13T06:20:28","slug":"bougeoir-double-en-fil-de-fer-et-bois-27x14-x-h195cm-avec-2-pots-en-verre-97-diam-x-145cm-multicouleur-bois-et-metal","status":"publish","type":"product","link":"https:\/\/hardwarexchange.shop\/pt-pt\/produit\/bougeoir-double-en-fil-de-fer-et-bois-27x14-x-h195cm-avec-2-pots-en-verre-97-diam-x-145cm-multicouleur-bois-et-metal\/","title":{"rendered":"Bougeoir double en fil de fer et bois 27&#215;14 x h19,5cm avec 2 Pots en verre 9,7 diam x 14,5cm &#8211; Multicouleur, Bois et m\u00e9tal"},"content":{"rendered":"\n<p>Bougeoir double fil, 27\u00d714 x h19,5cm, Pots en verre 9,7 diam x 14,5cm<br>Le produit est fabriqu\u00e9 ou fini \u00e0 la main sur commande et a donc un aspect artisanal et irr\u00e9gulier, qui fait son charme.<br>Produit en Asie, fini en Espagne. <br>S\u00e9lectionn\u00e9 pour son charme traditionnel par HardwarExchange.<\/p>\n","protected":false},"excerpt":{"rendered":"<p>Bougeoir double fil, 27\u00d714 x h19,5cm, Pots en verre 9,7 diam x 14,5cmLe produit est fabriqu\u00e9 ou fini \u00e0 la main sur commande et a donc un aspect artisanal et irr\u00e9gulier, qui fait son charme.Produit en Asie, fini en Espagne. S\u00e9lectionn\u00e9 pour son charme traditionnel par HardwarExchange.<\/p>\n","protected":false},"featured_media":95062,"template":"","meta":{"_acf_changed":false},"product_brand":[],"product_cat":[15],"product_tag":[],"class_list":{"0":"post-95061","1":"product","2":"type-product","3":"status-publish","4":"has-post-thumbnail","6":"product_cat-sans-categorie","7":"product_shipping_class-xsxxs","8":"pa_couleur-multicouleur","9":"pa_materiau-bois-et-metal","11":"first","12":"instock","13":"purchasable","14":"product-type-simple"},"acf":[],"_links":{"self":[{"href":"https:\/\/hardwarexchange.shop\/pt-pt\/wp-json\/wp\/v2\/product\/95061","targetHints":{"allow":["GET"]}}],"collection":[{"href":"https:\/\/hardwarexchange.shop\/pt-pt\/wp-json\/wp\/v2\/product"}],"about":[{"href":"https:\/\/hardwarexchange.shop\/pt-pt\/wp-json\/wp\/v2\/types\/product"}],"wp:featuredmedia":[{"embeddable":true,"href":"https:\/\/hardwarexchange.shop\/pt-pt\/wp-json\/wp\/v2\/media\/95062"}],"wp:attachment":[{"href":"https:\/\/hardwarexchange.shop\/pt-pt\/wp-json\/wp\/v2\/media?parent=95061"}],"wp:term":[{"taxonomy":"product_brand","embeddable":true,"href":"https:\/\/hardwarexchange.shop\/pt-pt\/wp-json\/wp\/v2\/product_brand?post=95061"},{"taxonomy":"product_cat","embeddable":true,"href":"https:\/\/hardwarexchange.shop\/pt-pt\/wp-json\/wp\/v2\/product_cat?post=95061"},{"taxonomy":"product_tag","embeddable":true,"href":"https:\/\/hardwarexchange.shop\/pt-pt\/wp-json\/wp\/v2\/product_tag?post=95061"}],"curies":[{"name":"wp","href":"https:\/\/api.w.org\/{rel}","templated":true}]}}