{"id":95319,"date":"2026-05-13T07:23:56","date_gmt":"2026-05-13T06:23:56","guid":{"rendered":"https:\/\/hardwarexchange.shop\/produit\/carafe-filtrante-en-verre-1l-avec-charbon-vegetal-binchotan-bio-transparent\/"},"modified":"2026-05-13T07:23:58","modified_gmt":"2026-05-13T06:23:58","slug":"carafe-filtrante-en-verre-1l-avec-charbon-vegetal-binchotan-bio-transparent","status":"publish","type":"product","link":"https:\/\/hardwarexchange.shop\/pt-pt\/produit\/carafe-filtrante-en-verre-1l-avec-charbon-vegetal-binchotan-bio-transparent\/","title":{"rendered":"Carafe filtrante en verre 1L avec charbon v\u00e9g\u00e9tal Binchotan BIO &#8211; Transparent"},"content":{"rendered":"\n<p>Carafe filtrante en verre 1 Litre avec charbon v\u00e9g\u00e9tal Binchotan BIO. Am\u00e9liore le go\u00fbt de l\u2019eau, r\u00e9duit le chlore et les polluants. Solution durable. La carafe filtrante en verre 1 Litre offre une solution simple et naturelle pour am\u00e9liorer la qualit\u00e9 de l\u2019eau du robinet. Elle est fournie avec un v\u00e9ritable charbon v\u00e9g\u00e9tal Binchotan lab\u00e9lis\u00e9 BIO, reconnu pour son pouvoir d\u2019adsorption: il retient les r\u00e9sidus de polluants, r\u00e9duit le chlore et adoucit le go\u00fbt de l\u2019eau. Con\u00e7ue pour un usage s\u00e9dentaire, cette carafe s\u2019int\u00e8gre parfaitement dans une cuisine ou un espace de travail. Son design \u00e9l\u00e9gant et \u00e9pur\u00e9 est r\u00e9guli\u00e8rement salu\u00e9 par les utilisateurs, qui appr\u00e9cient autant son esth\u00e9tique que son efficacit\u00e9. Un design original, une eau plus douce, et une qualit\u00e9 per\u00e7ue \u00e9lev\u00e9e. Le charbon actif v\u00e9g\u00e9tal est un v\u00e9ritable binchotan japonais lab\u00e9lis\u00e9 ou binchotan du Viet Nam bio et peut \u00eatre utilis\u00e9 jusqu\u2019\u00e0 6 mois. Ce qui en fait une alternative durable aux syst\u00e8mes de filtration \u00e0 cartouches plastiques. Cette solution r\u00e9duit les d\u00e9chets tout en offrant une eau plus agr\u00e9able au quotidien.<\/p>\n","protected":false},"excerpt":{"rendered":"<p>Carafe filtrante en verre 1 Litre avec charbon v\u00e9g\u00e9tal Binchotan BIO. Am\u00e9liore le go\u00fbt de l\u2019eau, r\u00e9duit le chlore et les polluants. Solution durable. La carafe filtrante en verre 1 Litre offre une solution simple et naturelle pour am\u00e9liorer la qualit\u00e9 de l\u2019eau du robinet. Elle est fournie avec un v\u00e9ritable charbon v\u00e9g\u00e9tal Binchotan lab\u00e9lis\u00e9 [&hellip;]<\/p>\n","protected":false},"featured_media":95320,"template":"","meta":{"_acf_changed":false},"product_brand":[],"product_cat":[15],"product_tag":[],"class_list":{"0":"post-95319","1":"product","2":"type-product","3":"status-publish","4":"has-post-thumbnail","6":"product_cat-sans-categorie","7":"product_shipping_class-xsxxs","8":"pa_couleur-transparent","9":"pa_materiau-verre","11":"first","12":"instock","13":"purchasable","14":"product-type-simple"},"acf":[],"_links":{"self":[{"href":"https:\/\/hardwarexchange.shop\/pt-pt\/wp-json\/wp\/v2\/product\/95319","targetHints":{"allow":["GET"]}}],"collection":[{"href":"https:\/\/hardwarexchange.shop\/pt-pt\/wp-json\/wp\/v2\/product"}],"about":[{"href":"https:\/\/hardwarexchange.shop\/pt-pt\/wp-json\/wp\/v2\/types\/product"}],"wp:featuredmedia":[{"embeddable":true,"href":"https:\/\/hardwarexchange.shop\/pt-pt\/wp-json\/wp\/v2\/media\/95320"}],"wp:attachment":[{"href":"https:\/\/hardwarexchange.shop\/pt-pt\/wp-json\/wp\/v2\/media?parent=95319"}],"wp:term":[{"taxonomy":"product_brand","embeddable":true,"href":"https:\/\/hardwarexchange.shop\/pt-pt\/wp-json\/wp\/v2\/product_brand?post=95319"},{"taxonomy":"product_cat","embeddable":true,"href":"https:\/\/hardwarexchange.shop\/pt-pt\/wp-json\/wp\/v2\/product_cat?post=95319"},{"taxonomy":"product_tag","embeddable":true,"href":"https:\/\/hardwarexchange.shop\/pt-pt\/wp-json\/wp\/v2\/product_tag?post=95319"}],"curies":[{"name":"wp","href":"https:\/\/api.w.org\/{rel}","templated":true}]}}